{"id":752,"date":"2019-02-11T10:25:29","date_gmt":"2019-02-11T10:25:29","guid":{"rendered":"https:\/\/demolar.nifweb.com\/eticaret\/demo1\/?post_type=product&#038;p=752"},"modified":"2021-07-09T13:40:23","modified_gmt":"2021-07-09T13:40:23","slug":"kulak-ici-bluetooth-kulaklik","status":"publish","type":"product","link":"https:\/\/demolar.nifweb.com\/eticaret\/demo1\/product\/kulak-ici-bluetooth-kulaklik\/","title":{"rendered":"Kulak \u0130\u00e7i Bluetooth Kulakl\u0131k"},"content":{"rendered":"<p>spor yaparken veya d\u0131\u015far\u0131da y\u00fcr\u00fcrken vb. bir s\u00fcr\u00fc \u015fekilde kullanabilirsiniz.<\/p>\n","protected":false},"excerpt":{"rendered":"<p>kulakl\u0131\u011f\u0131n d\u00fc\u015febildi\u011fi en d\u00fc\u015f\u00fck frekans 18 hz<\/p>\n<p>anc \u00f6zelli\u011fi.<\/p>\n","protected":false},"featured_media":522,"menu_order":0,"comment_status":"open","ping_status":"closed","template":"","meta":[],"product_cat":[22,19,18],"product_tag":[313,45,314,293],"_links":{"self":[{"href":"https:\/\/demolar.nifweb.com\/eticaret\/demo1\/wp-json\/wp\/v2\/product\/752"}],"collection":[{"href":"https:\/\/demolar.nifweb.com\/eticaret\/demo1\/wp-json\/wp\/v2\/product"}],"about":[{"href":"https:\/\/demolar.nifweb.com\/eticaret\/demo1\/wp-json\/wp\/v2\/types\/product"}],"replies":[{"embeddable":true,"href":"https:\/\/demolar.nifweb.com\/eticaret\/demo1\/wp-json\/wp\/v2\/comments?post=752"}],"wp:featuredmedia":[{"embeddable":true,"href":"https:\/\/demolar.nifweb.com\/eticaret\/demo1\/wp-json\/wp\/v2\/media\/522"}],"wp:attachment":[{"href":"https:\/\/demolar.nifweb.com\/eticaret\/demo1\/wp-json\/wp\/v2\/media?parent=752"}],"wp:term":[{"taxonomy":"product_cat","embeddable":true,"href":"https:\/\/demolar.nifweb.com\/eticaret\/demo1\/wp-json\/wp\/v2\/product_cat?post=752"},{"taxonomy":"product_tag","embeddable":true,"href":"https:\/\/demolar.nifweb.com\/eticaret\/demo1\/wp-json\/wp\/v2\/product_tag?post=752"}],"curies":[{"name":"wp","href":"https:\/\/api.w.org\/{rel}","templated":true}]}}