{"id":42,"date":"2019-03-22T05:17:13","date_gmt":"2019-03-22T05:17:13","guid":{"rendered":"https:\/\/demolar.nifweb.com\/eticaret\/demo1\/?post_type=product&#038;p=42"},"modified":"2021-07-09T13:39:00","modified_gmt":"2021-07-09T13:39:00","slug":"akilli-saat","status":"publish","type":"product","link":"https:\/\/demolar.nifweb.com\/eticaret\/demo1\/product\/akilli-saat\/","title":{"rendered":"Ak\u0131ll\u0131 Saat"},"content":{"rendered":"<p>bisiklet s\u00fcrerken , ko\u015fu yaparken , y\u00fcr\u00fcy\u00fc\u015f yaparken vb. bir s\u00fcr\u00fc sporda kullanabilirsiniz<\/p>\n<p>(g\u00fcnl\u00fck kullan\u0131ma da uygundur)<\/p>\n","protected":false},"excerpt":{"rendered":"<p>\u00fcr\u00fcn \u00f6zellikleri:<\/p>\n<p>nab\u0131z \u00f6l\u00e7er<\/p>\n<p>ad\u0131m sayar<\/p>\n<p>telefondan gelen \u00e7a\u011fr\u0131lar\u0131 yan\u0131tlayabilir<\/p>\n<p>telefona gelen mesajlar\u0131 g\u00f6rebilirsiniz.<\/p>\n<p>vb. bir s\u00fcr\u00fc \u00f6zellik daha.<\/p>\n","protected":false},"featured_media":43,"menu_order":0,"comment_status":"open","ping_status":"closed","template":"","meta":[],"product_cat":[22,18,134,28],"product_tag":[300,301,299],"_links":{"self":[{"href":"https:\/\/demolar.nifweb.com\/eticaret\/demo1\/wp-json\/wp\/v2\/product\/42"}],"collection":[{"href":"https:\/\/demolar.nifweb.com\/eticaret\/demo1\/wp-json\/wp\/v2\/product"}],"about":[{"href":"https:\/\/demolar.nifweb.com\/eticaret\/demo1\/wp-json\/wp\/v2\/types\/product"}],"replies":[{"embeddable":true,"href":"https:\/\/demolar.nifweb.com\/eticaret\/demo1\/wp-json\/wp\/v2\/comments?post=42"}],"wp:featuredmedia":[{"embeddable":true,"href":"https:\/\/demolar.nifweb.com\/eticaret\/demo1\/wp-json\/wp\/v2\/media\/43"}],"wp:attachment":[{"href":"https:\/\/demolar.nifweb.com\/eticaret\/demo1\/wp-json\/wp\/v2\/media?parent=42"}],"wp:term":[{"taxonomy":"product_cat","embeddable":true,"href":"https:\/\/demolar.nifweb.com\/eticaret\/demo1\/wp-json\/wp\/v2\/product_cat?post=42"},{"taxonomy":"product_tag","embeddable":true,"href":"https:\/\/demolar.nifweb.com\/eticaret\/demo1\/wp-json\/wp\/v2\/product_tag?post=42"}],"curies":[{"name":"wp","href":"https:\/\/api.w.org\/{rel}","templated":true}]}}