{"id":39,"date":"2019-04-22T05:13:33","date_gmt":"2019-04-22T05:13:33","guid":{"rendered":"https:\/\/demolar.nifweb.com\/eticaret\/demo1\/?post_type=product&#038;p=39"},"modified":"2021-07-09T13:32:34","modified_gmt":"2021-07-09T13:32:34","slug":"bay-bayan-kazak","status":"publish","type":"product","link":"https:\/\/demolar.nifweb.com\/eticaret\/demo1\/product\/bay-bayan-kazak\/","title":{"rendered":"Bay Bayan Kazak"},"content":{"rendered":"<p>a\u00e7\u0131k kahverengi bu kaza\u011f\u0131 tercih edebilirsiniz.<\/p>\n","protected":false},"excerpt":{"rendered":"<p>\u00fcr\u00fcn \u00f6zellikleri:<\/p>\n<p>kahverengi<\/p>\n<p>oversize kal\u0131p<\/p>\n<p>unisex<\/p>\n","protected":false},"featured_media":563,"menu_order":0,"comment_status":"open","ping_status":"closed","template":"","meta":[],"product_cat":[16,17,177,125],"product_tag":[178,288,171,48],"_links":{"self":[{"href":"https:\/\/demolar.nifweb.com\/eticaret\/demo1\/wp-json\/wp\/v2\/product\/39"}],"collection":[{"href":"https:\/\/demolar.nifweb.com\/eticaret\/demo1\/wp-json\/wp\/v2\/product"}],"about":[{"href":"https:\/\/demolar.nifweb.com\/eticaret\/demo1\/wp-json\/wp\/v2\/types\/product"}],"replies":[{"embeddable":true,"href":"https:\/\/demolar.nifweb.com\/eticaret\/demo1\/wp-json\/wp\/v2\/comments?post=39"}],"wp:featuredmedia":[{"embeddable":true,"href":"https:\/\/demolar.nifweb.com\/eticaret\/demo1\/wp-json\/wp\/v2\/media\/563"}],"wp:attachment":[{"href":"https:\/\/demolar.nifweb.com\/eticaret\/demo1\/wp-json\/wp\/v2\/media?parent=39"}],"wp:term":[{"taxonomy":"product_cat","embeddable":true,"href":"https:\/\/demolar.nifweb.com\/eticaret\/demo1\/wp-json\/wp\/v2\/product_cat?post=39"},{"taxonomy":"product_tag","embeddable":true,"href":"https:\/\/demolar.nifweb.com\/eticaret\/demo1\/wp-json\/wp\/v2\/product_tag?post=39"}],"curies":[{"name":"wp","href":"https:\/\/api.w.org\/{rel}","templated":true}]}}