{"id":37,"date":"2019-04-21T05:11:37","date_gmt":"2019-04-21T05:11:37","guid":{"rendered":"https:\/\/demolar.nifweb.com\/eticaret\/demo1\/?post_type=product&#038;p=37"},"modified":"2021-07-09T13:32:55","modified_gmt":"2021-07-09T13:32:55","slug":"sari-sirt-cantasi","status":"publish","type":"product","link":"https:\/\/demolar.nifweb.com\/eticaret\/demo1\/product\/sari-sirt-cantasi\/","title":{"rendered":"Sar\u0131 S\u0131rt \u00c7antas\u0131"},"content":{"rendered":"<p>b\u00fcy\u00fck sar\u0131 s\u0131rt \u00e7antas\u0131n\u0131 sat\u0131n alabilirsiniz.<\/p>\n","protected":false},"excerpt":{"rendered":"<p>Sar\u0131 3 g\u00f6zl\u00fc s\u0131rt \u00e7antas\u0131<\/p>\n<p>laptop k\u0131sm\u0131<\/p>\n<p>tablet k\u0131sm\u0131<\/p>\n<p>suluk veya matara k\u0131sm\u0131.<\/p>\n<p>&nbsp;<\/p>\n","protected":false},"featured_media":38,"menu_order":0,"comment_status":"open","ping_status":"closed","template":"","meta":[],"product_cat":[22,134,24],"product_tag":[291,290,289],"_links":{"self":[{"href":"https:\/\/demolar.nifweb.com\/eticaret\/demo1\/wp-json\/wp\/v2\/product\/37"}],"collection":[{"href":"https:\/\/demolar.nifweb.com\/eticaret\/demo1\/wp-json\/wp\/v2\/product"}],"about":[{"href":"https:\/\/demolar.nifweb.com\/eticaret\/demo1\/wp-json\/wp\/v2\/types\/product"}],"replies":[{"embeddable":true,"href":"https:\/\/demolar.nifweb.com\/eticaret\/demo1\/wp-json\/wp\/v2\/comments?post=37"}],"wp:featuredmedia":[{"embeddable":true,"href":"https:\/\/demolar.nifweb.com\/eticaret\/demo1\/wp-json\/wp\/v2\/media\/38"}],"wp:attachment":[{"href":"https:\/\/demolar.nifweb.com\/eticaret\/demo1\/wp-json\/wp\/v2\/media?parent=37"}],"wp:term":[{"taxonomy":"product_cat","embeddable":true,"href":"https:\/\/demolar.nifweb.com\/eticaret\/demo1\/wp-json\/wp\/v2\/product_cat?post=37"},{"taxonomy":"product_tag","embeddable":true,"href":"https:\/\/demolar.nifweb.com\/eticaret\/demo1\/wp-json\/wp\/v2\/product_tag?post=37"}],"curies":[{"name":"wp","href":"https:\/\/api.w.org\/{rel}","templated":true}]}}