{"id":35,"date":"2019-03-22T05:09:25","date_gmt":"2019-03-22T05:09:25","guid":{"rendered":"https:\/\/demolar.nifweb.com\/eticaret\/demo1\/?post_type=product&#038;p=35"},"modified":"2021-07-09T13:39:17","modified_gmt":"2021-07-09T13:39:17","slug":"oyun-konsolu","status":"publish","type":"product","link":"https:\/\/demolar.nifweb.com\/eticaret\/demo1\/product\/oyun-konsolu\/","title":{"rendered":"Oyun Konsolu"},"content":{"rendered":"<p>ps4 pro 4k oyun konsolu.<\/p>\n","protected":false},"excerpt":{"rendered":"<p>PS4 pro \u00fcr\u00fcn \u00f6zellikleri:<br \/>\n4k \u00e7\u00f6z\u00fcn\u00fcrl\u00fc<\/p>\n<p>1TB haf\u0131za<\/p>\n<p>16 gb ram<\/p>\n<p>her konolun \u00fczerinde bir adet jak giri\u015fi bulunmaktad\u0131r.<\/p>\n","protected":false},"featured_media":36,"menu_order":0,"comment_status":"open","ping_status":"closed","template":"","meta":[],"product_cat":[22,18,134],"product_tag":[305,45,44,303,304,302],"_links":{"self":[{"href":"https:\/\/demolar.nifweb.com\/eticaret\/demo1\/wp-json\/wp\/v2\/product\/35"}],"collection":[{"href":"https:\/\/demolar.nifweb.com\/eticaret\/demo1\/wp-json\/wp\/v2\/product"}],"about":[{"href":"https:\/\/demolar.nifweb.com\/eticaret\/demo1\/wp-json\/wp\/v2\/types\/product"}],"replies":[{"embeddable":true,"href":"https:\/\/demolar.nifweb.com\/eticaret\/demo1\/wp-json\/wp\/v2\/comments?post=35"}],"wp:featuredmedia":[{"embeddable":true,"href":"https:\/\/demolar.nifweb.com\/eticaret\/demo1\/wp-json\/wp\/v2\/media\/36"}],"wp:attachment":[{"href":"https:\/\/demolar.nifweb.com\/eticaret\/demo1\/wp-json\/wp\/v2\/media?parent=35"}],"wp:term":[{"taxonomy":"product_cat","embeddable":true,"href":"https:\/\/demolar.nifweb.com\/eticaret\/demo1\/wp-json\/wp\/v2\/product_cat?post=35"},{"taxonomy":"product_tag","embeddable":true,"href":"https:\/\/demolar.nifweb.com\/eticaret\/demo1\/wp-json\/wp\/v2\/product_tag?post=35"}],"curies":[{"name":"wp","href":"https:\/\/api.w.org\/{rel}","templated":true}]}}