{"id":30,"date":"2019-04-18T04:53:05","date_gmt":"2019-04-18T04:53:05","guid":{"rendered":"https:\/\/demolar.nifweb.com\/eticaret\/demo1\/?post_type=product&#038;p=30"},"modified":"2021-07-09T13:38:23","modified_gmt":"2021-07-09T13:38:23","slug":"kulak-ustu-kulaklik","status":"publish","type":"product","link":"https:\/\/demolar.nifweb.com\/eticaret\/demo1\/product\/kulak-ustu-kulaklik\/","title":{"rendered":"Kulak \u00dcst\u00fc Kulakl\u0131k"},"content":{"rendered":"<p>aktif g\u00fcr\u00fclt\u00fc engelleme \u00f6zelli\u011fi olan bu kulakl\u0131\u011f\u0131 kullanarak d\u0131\u015f d\u00fcnyayla ileti\u015fiminizi kesebilirsiniz.<\/p>\n","protected":false},"excerpt":{"rendered":"<p>\u00fcr\u00fcn \u00f6zellikleri:<\/p>\n<p>ANC (aktif g\u00fcr\u00fclt\u00fc engelleyici)<\/p>\n<p>d\u00fc\u015febildi\u011fi en d\u00fc\u015f\u00fck frekans 20 hz<\/p>\n<p>kafan\u0131z\u0131n boyuna g\u00f6re ayarlayabilirsiniz.<\/p>\n","protected":false},"featured_media":1222,"menu_order":0,"comment_status":"open","ping_status":"closed","template":"","meta":[],"product_cat":[22,18],"product_tag":[296,294,295,293],"_links":{"self":[{"href":"https:\/\/demolar.nifweb.com\/eticaret\/demo1\/wp-json\/wp\/v2\/product\/30"}],"collection":[{"href":"https:\/\/demolar.nifweb.com\/eticaret\/demo1\/wp-json\/wp\/v2\/product"}],"about":[{"href":"https:\/\/demolar.nifweb.com\/eticaret\/demo1\/wp-json\/wp\/v2\/types\/product"}],"replies":[{"embeddable":true,"href":"https:\/\/demolar.nifweb.com\/eticaret\/demo1\/wp-json\/wp\/v2\/comments?post=30"}],"wp:featuredmedia":[{"embeddable":true,"href":"https:\/\/demolar.nifweb.com\/eticaret\/demo1\/wp-json\/wp\/v2\/media\/1222"}],"wp:attachment":[{"href":"https:\/\/demolar.nifweb.com\/eticaret\/demo1\/wp-json\/wp\/v2\/media?parent=30"}],"wp:term":[{"taxonomy":"product_cat","embeddable":true,"href":"https:\/\/demolar.nifweb.com\/eticaret\/demo1\/wp-json\/wp\/v2\/product_cat?post=30"},{"taxonomy":"product_tag","embeddable":true,"href":"https:\/\/demolar.nifweb.com\/eticaret\/demo1\/wp-json\/wp\/v2\/product_tag?post=30"}],"curies":[{"name":"wp","href":"https:\/\/api.w.org\/{rel}","templated":true}]}}