{"id":28,"date":"2019-03-22T04:48:42","date_gmt":"2019-03-22T04:48:42","guid":{"rendered":"https:\/\/demolar.nifweb.com\/eticaret\/demo1\/?post_type=product&#038;p=28"},"modified":"2021-07-09T13:39:38","modified_gmt":"2021-07-09T13:39:38","slug":"4x4-rc-araba","status":"publish","type":"product","link":"https:\/\/demolar.nifweb.com\/eticaret\/demo1\/product\/4x4-rc-araba\/","title":{"rendered":"4X4 Rc Araba"},"content":{"rendered":"<p>&nbsp;<\/p>\n<p>Da\u011fda Bay\u0131rda Toprakta \u00c7amurda suda her yerde kullanabilirsiniz.<\/p>\n","protected":false},"excerpt":{"rendered":"<p>RC 4&#215;4 ara\u00e7 \u00f6zellikleri<\/p>\n<p>d\u00f6rt tekerde de ayr\u0131 ayr\u0131 dc motor vard\u0131r<\/p>\n<p>4 adet s\u00fcspaniyon<\/p>\n<p>\u00f6n farlar ve tavan ayd\u0131nlatmas\u0131 bulunmaktad\u0131r.<\/p>\n","protected":false},"featured_media":29,"menu_order":0,"comment_status":"open","ping_status":"closed","template":"","meta":[],"product_cat":[18,134,27],"product_tag":[309,306,307,308],"_links":{"self":[{"href":"https:\/\/demolar.nifweb.com\/eticaret\/demo1\/wp-json\/wp\/v2\/product\/28"}],"collection":[{"href":"https:\/\/demolar.nifweb.com\/eticaret\/demo1\/wp-json\/wp\/v2\/product"}],"about":[{"href":"https:\/\/demolar.nifweb.com\/eticaret\/demo1\/wp-json\/wp\/v2\/types\/product"}],"replies":[{"embeddable":true,"href":"https:\/\/demolar.nifweb.com\/eticaret\/demo1\/wp-json\/wp\/v2\/comments?post=28"}],"wp:featuredmedia":[{"embeddable":true,"href":"https:\/\/demolar.nifweb.com\/eticaret\/demo1\/wp-json\/wp\/v2\/media\/29"}],"wp:attachment":[{"href":"https:\/\/demolar.nifweb.com\/eticaret\/demo1\/wp-json\/wp\/v2\/media?parent=28"}],"wp:term":[{"taxonomy":"product_cat","embeddable":true,"href":"https:\/\/demolar.nifweb.com\/eticaret\/demo1\/wp-json\/wp\/v2\/product_cat?post=28"},{"taxonomy":"product_tag","embeddable":true,"href":"https:\/\/demolar.nifweb.com\/eticaret\/demo1\/wp-json\/wp\/v2\/product_tag?post=28"}],"curies":[{"name":"wp","href":"https:\/\/api.w.org\/{rel}","templated":true}]}}