{"id":2598,"date":"2021-02-22T12:24:21","date_gmt":"2021-02-22T12:24:21","guid":{"rendered":"https:\/\/demolar.nifweb.com\/eticaret\/demo1\/?post_type=product&#038;p=2598"},"modified":"2021-07-09T08:53:51","modified_gmt":"2021-07-09T08:53:51","slug":"kareli-uzun-kol-erkek-gomlegi","status":"publish","type":"product","link":"https:\/\/demolar.nifweb.com\/eticaret\/demo1\/product\/kareli-uzun-kol-erkek-gomlegi\/","title":{"rendered":"Kareli Uzun Kol Erkek G\u00f6mle\u011fi"},"content":{"rendered":"<ul class=\"product-detail__info-list\">\n<li>Renk:\u00a0<small>Kahve<\/small><\/li>\n<li>\u00dcst Materyal:\u00a0<small>Dokuma<\/small><\/li>\n<li>\u00dcr\u00fcn Grubu:\u00a0<small>Spor<\/small><\/li>\n<li>Lifestyle:\u00a0<small>Contemporary<\/small><\/li>\n<li>Yaka:\u00a0<small>Soft Yaka<\/small><\/li>\n<li>Kol:\u00a0<small>Uzun Kollu<\/small><\/li>\n<\/ul>\n","protected":false},"excerpt":{"rendered":"<p>Ekose \u00e7izgi detaylar\u0131 ile tasarlanan ekoseli spor g\u00f6mlek, Custom fit kesime sahip g\u00f6mle\u011fi, taba rengi klasik bir ayakkab\u0131 ve modern bir ceketle tamamlayabilirsiniz.<\/p>\n","protected":false},"featured_media":2602,"menu_order":0,"comment_status":"open","ping_status":"closed","template":"","meta":[],"product_cat":[16,152],"product_tag":[157,158,144,159],"_links":{"self":[{"href":"https:\/\/demolar.nifweb.com\/eticaret\/demo1\/wp-json\/wp\/v2\/product\/2598"}],"collection":[{"href":"https:\/\/demolar.nifweb.com\/eticaret\/demo1\/wp-json\/wp\/v2\/product"}],"about":[{"href":"https:\/\/demolar.nifweb.com\/eticaret\/demo1\/wp-json\/wp\/v2\/types\/product"}],"replies":[{"embeddable":true,"href":"https:\/\/demolar.nifweb.com\/eticaret\/demo1\/wp-json\/wp\/v2\/comments?post=2598"}],"wp:featuredmedia":[{"embeddable":true,"href":"https:\/\/demolar.nifweb.com\/eticaret\/demo1\/wp-json\/wp\/v2\/media\/2602"}],"wp:attachment":[{"href":"https:\/\/demolar.nifweb.com\/eticaret\/demo1\/wp-json\/wp\/v2\/media?parent=2598"}],"wp:term":[{"taxonomy":"product_cat","embeddable":true,"href":"https:\/\/demolar.nifweb.com\/eticaret\/demo1\/wp-json\/wp\/v2\/product_cat?post=2598"},{"taxonomy":"product_tag","embeddable":true,"href":"https:\/\/demolar.nifweb.com\/eticaret\/demo1\/wp-json\/wp\/v2\/product_tag?post=2598"}],"curies":[{"name":"wp","href":"https:\/\/api.w.org\/{rel}","templated":true}]}}