{"id":2594,"date":"2021-02-22T12:24:16","date_gmt":"2021-02-22T12:24:16","guid":{"rendered":"https:\/\/demolar.nifweb.com\/eticaret\/demo1\/?post_type=product&#038;p=2594"},"modified":"2021-07-09T08:54:29","modified_gmt":"2021-07-09T08:54:29","slug":"diz-ustu-bayan-elbise","status":"publish","type":"product","link":"https:\/\/demolar.nifweb.com\/eticaret\/demo1\/product\/diz-ustu-bayan-elbise\/","title":{"rendered":"Diz \u00dcst\u00fc Bayan Elbise"},"content":{"rendered":"<ul>\n<li>\u0130talyan \u0130plik<\/li>\n<li>S\u0131rt ve \u00d6n\u00fc A\u00e7\u0131k V Yaka<\/li>\n<li>D\u00f6k\u00fcml\u00fc<\/li>\n<li>%76 Viskoz %24 Polyester<\/li>\n<\/ul>\n<p>Bu \u00fcr\u00fcn RECYCLE sertifikal\u0131 iplikten \u00fcretilmi\u015ftir. Daha iyi bir d\u00fcnya i\u00e7in s\u00fcrd\u00fcr\u00fclebilir y\u00f6ntemlerle elde edilen elyaflar kullanmaya \u00f6nem veriyoruz.<\/p>\n","protected":false},"excerpt":{"rendered":"<p>Triko elbise ile \u00e7a\u011fda\u015f feminen stili yakalay\u0131n. Geri d\u00f6n\u00fc\u015f\u00fcml\u00fc \u0130talyan iplik kalitesi ile ayr\u0131cal\u0131kl\u0131 mini triko elbise; \u00f6nden ve arkadan V yakas\u0131, m\u00fckemmel kal\u0131b\u0131, d\u00f6k\u00fcml\u00fc modeli ile kusursuz g\u00f6r\u00fcn\u00fcm sunar. Yazl\u0131k ince triko elbise, hem rahat hem feminen stili ile dolab\u0131n\u0131z\u0131n en \u00f6zel par\u00e7alar\u0131ndan olmaya adayd\u0131r.<\/p>\n","protected":false},"featured_media":2608,"menu_order":0,"comment_status":"open","ping_status":"closed","template":"","meta":[],"product_cat":[160,17],"product_tag":[161,162,164,163,165],"_links":{"self":[{"href":"https:\/\/demolar.nifweb.com\/eticaret\/demo1\/wp-json\/wp\/v2\/product\/2594"}],"collection":[{"href":"https:\/\/demolar.nifweb.com\/eticaret\/demo1\/wp-json\/wp\/v2\/product"}],"about":[{"href":"https:\/\/demolar.nifweb.com\/eticaret\/demo1\/wp-json\/wp\/v2\/types\/product"}],"replies":[{"embeddable":true,"href":"https:\/\/demolar.nifweb.com\/eticaret\/demo1\/wp-json\/wp\/v2\/comments?post=2594"}],"wp:featuredmedia":[{"embeddable":true,"href":"https:\/\/demolar.nifweb.com\/eticaret\/demo1\/wp-json\/wp\/v2\/media\/2608"}],"wp:attachment":[{"href":"https:\/\/demolar.nifweb.com\/eticaret\/demo1\/wp-json\/wp\/v2\/media?parent=2594"}],"wp:term":[{"taxonomy":"product_cat","embeddable":true,"href":"https:\/\/demolar.nifweb.com\/eticaret\/demo1\/wp-json\/wp\/v2\/product_cat?post=2594"},{"taxonomy":"product_tag","embeddable":true,"href":"https:\/\/demolar.nifweb.com\/eticaret\/demo1\/wp-json\/wp\/v2\/product_tag?post=2594"}],"curies":[{"name":"wp","href":"https:\/\/api.w.org\/{rel}","templated":true}]}}