{"id":25,"date":"2019-04-23T04:46:21","date_gmt":"2019-04-23T04:46:21","guid":{"rendered":"https:\/\/demolar.nifweb.com\/eticaret\/demo1\/?post_type=product&#038;p=25"},"modified":"2021-07-09T10:07:37","modified_gmt":"2021-07-09T10:07:37","slug":"koyu-yesil-sort","status":"publish","type":"product","link":"https:\/\/demolar.nifweb.com\/eticaret\/demo1\/product\/koyu-yesil-sort\/","title":{"rendered":"Koyu Ye\u015fil \u015eort"},"content":{"rendered":"<p>denizde,basketbolda,d\u0131\u015far\u0131da her yerde kullanabilirsiniz.<\/p>\n","protected":false},"excerpt":{"rendered":"<p>ye\u015fil \u015fort %100 polyester<\/p>\n<p>a+ kalite kuma\u015f.<\/p>\n","protected":false},"featured_media":27,"menu_order":0,"comment_status":"open","ping_status":"closed","template":"","meta":[],"product_cat":[16,284],"product_tag":[287,286,285],"_links":{"self":[{"href":"https:\/\/demolar.nifweb.com\/eticaret\/demo1\/wp-json\/wp\/v2\/product\/25"}],"collection":[{"href":"https:\/\/demolar.nifweb.com\/eticaret\/demo1\/wp-json\/wp\/v2\/product"}],"about":[{"href":"https:\/\/demolar.nifweb.com\/eticaret\/demo1\/wp-json\/wp\/v2\/types\/product"}],"replies":[{"embeddable":true,"href":"https:\/\/demolar.nifweb.com\/eticaret\/demo1\/wp-json\/wp\/v2\/comments?post=25"}],"wp:featuredmedia":[{"embeddable":true,"href":"https:\/\/demolar.nifweb.com\/eticaret\/demo1\/wp-json\/wp\/v2\/media\/27"}],"wp:attachment":[{"href":"https:\/\/demolar.nifweb.com\/eticaret\/demo1\/wp-json\/wp\/v2\/media?parent=25"}],"wp:term":[{"taxonomy":"product_cat","embeddable":true,"href":"https:\/\/demolar.nifweb.com\/eticaret\/demo1\/wp-json\/wp\/v2\/product_cat?post=25"},{"taxonomy":"product_tag","embeddable":true,"href":"https:\/\/demolar.nifweb.com\/eticaret\/demo1\/wp-json\/wp\/v2\/product_tag?post=25"}],"curies":[{"name":"wp","href":"https:\/\/api.w.org\/{rel}","templated":true}]}}