{"id":2175,"date":"2020-12-23T10:02:43","date_gmt":"2020-12-23T10:02:43","guid":{"rendered":"https:\/\/demolar.nifweb.com\/eticaret\/demo1\/?post_type=product&#038;p=2175"},"modified":"2021-07-09T08:55:03","modified_gmt":"2021-07-09T08:55:03","slug":"mavi-bayan-ceket","status":"publish","type":"product","link":"https:\/\/demolar.nifweb.com\/eticaret\/demo1\/product\/mavi-bayan-ceket\/","title":{"rendered":"Mavi Bayan Ceket"},"content":{"rendered":"<p>PAMUKLU KUMA\u015eTAN CEKET. D\u00dc\u011eMEL\u0130 MAN\u015eETL\u0130 UZUN KOLLU, KAL\u00c7A H\u0130ZASINDA OVERS\u0130ZE YAMA KAPAK CEPL\u0130. \u00d6N\u00dc D\u00dc\u011eMEL\u0130.<\/p>\n","protected":false},"excerpt":{"rendered":"<p>Cepli Mavi Ceket. \u00dcr\u00fcn \u00d6zellikleri, Etek K\u0131sm\u0131 Kemer \u0130le Ayarlanabilir.<br \/>\nYeni Sezon<br \/>\nOversize<br \/>\n%100 Pamuk<br \/>\nMavi Renk<\/p>\n","protected":false},"featured_media":2304,"menu_order":0,"comment_status":"open","ping_status":"closed","template":"","meta":[],"product_cat":[167,17,125],"product_tag":[173,168,147,172,169,170,171],"_links":{"self":[{"href":"https:\/\/demolar.nifweb.com\/eticaret\/demo1\/wp-json\/wp\/v2\/product\/2175"}],"collection":[{"href":"https:\/\/demolar.nifweb.com\/eticaret\/demo1\/wp-json\/wp\/v2\/product"}],"about":[{"href":"https:\/\/demolar.nifweb.com\/eticaret\/demo1\/wp-json\/wp\/v2\/types\/product"}],"replies":[{"embeddable":true,"href":"https:\/\/demolar.nifweb.com\/eticaret\/demo1\/wp-json\/wp\/v2\/comments?post=2175"}],"wp:featuredmedia":[{"embeddable":true,"href":"https:\/\/demolar.nifweb.com\/eticaret\/demo1\/wp-json\/wp\/v2\/media\/2304"}],"wp:attachment":[{"href":"https:\/\/demolar.nifweb.com\/eticaret\/demo1\/wp-json\/wp\/v2\/media?parent=2175"}],"wp:term":[{"taxonomy":"product_cat","embeddable":true,"href":"https:\/\/demolar.nifweb.com\/eticaret\/demo1\/wp-json\/wp\/v2\/product_cat?post=2175"},{"taxonomy":"product_tag","embeddable":true,"href":"https:\/\/demolar.nifweb.com\/eticaret\/demo1\/wp-json\/wp\/v2\/product_tag?post=2175"}],"curies":[{"name":"wp","href":"https:\/\/api.w.org\/{rel}","templated":true}]}}