{"id":2171,"date":"2020-12-23T10:02:42","date_gmt":"2020-12-23T10:02:42","guid":{"rendered":"https:\/\/demolar.nifweb.com\/eticaret\/demo1\/?post_type=product&#038;p=2171"},"modified":"2021-07-09T08:55:37","modified_gmt":"2021-07-09T08:55:37","slug":"unisex-kot-ceket","status":"publish","type":"product","link":"https:\/\/demolar.nifweb.com\/eticaret\/demo1\/product\/unisex-kot-ceket\/","title":{"rendered":"Unisex Kot Ceket"},"content":{"rendered":"<div class=\"col-xs-12\">\n<h5>\u00dcr\u00fcn \u0130\u00e7eri\u011fi ve \u00d6zellikleri<\/h5>\n<\/div>\n<div class=\"col-xs-12\">\n<p><b>\u00dcr\u00fcn \u0130\u00e7eri\u011fi:<\/b><b>Ana Kuma\u015f:<\/b>\u00a0%100 Pamuk<\/p>\n<\/div>\n<div class=\"col-xs-12\">\n<div class=\"col-md-6 option-info nopadding\">\n<p><b>\u00dcr\u00fcn \u00d6zellikleri:<\/b><\/p>\n<p><b>Kal\u0131p:<\/b>\u00a0Oversize<\/p>\n<p><b>\u00dcr\u00fcn Tip:<\/b>\u00a0Jean Ceket<\/p>\n<p><b>Yaka:<\/b>\u00a0G\u00f6mlek Yaka<\/p>\n<p><b>Kol Boyu:<\/b>\u00a0Uzun Kol<\/p>\n<p><b>Desen:<\/b>\u00a0D\u00fcz<\/p>\n<\/div>\n<\/div>\n","protected":false},"excerpt":{"rendered":"<h5>\u00dcr\u00fcn A\u00e7\u0131klamas\u0131<\/h5>\n<ul>\n<li>Pamuklu jean kuma\u015ftan<\/li>\n<li>\u00c7ift g\u00f6\u011f\u00fcs cepli<\/li>\n<li>D\u00fc\u011fme kapamal\u0131<\/li>\n<\/ul>\n","protected":false},"featured_media":2303,"menu_order":0,"comment_status":"open","ping_status":"closed","template":"","meta":[],"product_cat":[167,16,17,125],"product_tag":[147,175,174,171,176],"_links":{"self":[{"href":"https:\/\/demolar.nifweb.com\/eticaret\/demo1\/wp-json\/wp\/v2\/product\/2171"}],"collection":[{"href":"https:\/\/demolar.nifweb.com\/eticaret\/demo1\/wp-json\/wp\/v2\/product"}],"about":[{"href":"https:\/\/demolar.nifweb.com\/eticaret\/demo1\/wp-json\/wp\/v2\/types\/product"}],"replies":[{"embeddable":true,"href":"https:\/\/demolar.nifweb.com\/eticaret\/demo1\/wp-json\/wp\/v2\/comments?post=2171"}],"wp:featuredmedia":[{"embeddable":true,"href":"https:\/\/demolar.nifweb.com\/eticaret\/demo1\/wp-json\/wp\/v2\/media\/2303"}],"wp:attachment":[{"href":"https:\/\/demolar.nifweb.com\/eticaret\/demo1\/wp-json\/wp\/v2\/media?parent=2171"}],"wp:term":[{"taxonomy":"product_cat","embeddable":true,"href":"https:\/\/demolar.nifweb.com\/eticaret\/demo1\/wp-json\/wp\/v2\/product_cat?post=2171"},{"taxonomy":"product_tag","embeddable":true,"href":"https:\/\/demolar.nifweb.com\/eticaret\/demo1\/wp-json\/wp\/v2\/product_tag?post=2171"}],"curies":[{"name":"wp","href":"https:\/\/api.w.org\/{rel}","templated":true}]}}