{"id":2167,"date":"2020-12-23T10:02:41","date_gmt":"2020-12-23T10:02:41","guid":{"rendered":"https:\/\/demolar.nifweb.com\/eticaret\/demo1\/?post_type=product&#038;p=2167"},"modified":"2021-07-09T08:56:16","modified_gmt":"2021-07-09T08:56:16","slug":"koyu-yesil-kadin-kazak","status":"publish","type":"product","link":"https:\/\/demolar.nifweb.com\/eticaret\/demo1\/product\/koyu-yesil-kadin-kazak\/","title":{"rendered":"Koyu Ye\u015fil Kad\u0131n Kazak"},"content":{"rendered":"<div class=\"details-attributes-list-item\">Kol Uzunlu\u011fuUzun kollu<\/div>\n<div class=\"details-attributes-list-item\">BoyunYuvarlak yakal\u0131<\/div>\n<div class=\"details-attributes-list-item\">\u00dcR\u00dcN \u0130\u00c7ER\u0130\u011e\u0130Polyester 52%, Akrilik 41%, Y\u00fcn 4%, Elastan 3%<\/div>\n<div class=\"details-attributes-list-item\">Bak\u0131m talimatlar\u013130\u00b0C makinede y\u0131kama<\/div>\n<div class=\"details-attributes-list-item\">A\u00e7\u0131klamaKoyu ye\u015filD\u00fcz renkli<\/div>\n<div class=\"details-attributes-list-item\">KonseptEVERYDAY FASHION<\/div>\n","protected":false},"excerpt":{"rendered":"<p>Biraz y\u00fcn i\u00e7eren yumu\u015fak ince triko kazak. Geni\u015f kesimli, d\u00fc\u015f\u00fck omuzlu, uzun kollu, yakas\u0131, man\u015fetleri ve etek ucu lastik \u00f6rg\u00fcl\u00fc. Polyester i\u00e7eri\u011fi geri d\u00f6n\u00fc\u015ft\u00fcr\u00fclm\u00fc\u015ft\u00fcr.<\/p>\n","protected":false},"featured_media":2306,"menu_order":0,"comment_status":"open","ping_status":"closed","template":"","meta":[],"product_cat":[17,177,125],"product_tag":[180,178,179],"_links":{"self":[{"href":"https:\/\/demolar.nifweb.com\/eticaret\/demo1\/wp-json\/wp\/v2\/product\/2167"}],"collection":[{"href":"https:\/\/demolar.nifweb.com\/eticaret\/demo1\/wp-json\/wp\/v2\/product"}],"about":[{"href":"https:\/\/demolar.nifweb.com\/eticaret\/demo1\/wp-json\/wp\/v2\/types\/product"}],"replies":[{"embeddable":true,"href":"https:\/\/demolar.nifweb.com\/eticaret\/demo1\/wp-json\/wp\/v2\/comments?post=2167"}],"wp:featuredmedia":[{"embeddable":true,"href":"https:\/\/demolar.nifweb.com\/eticaret\/demo1\/wp-json\/wp\/v2\/media\/2306"}],"wp:attachment":[{"href":"https:\/\/demolar.nifweb.com\/eticaret\/demo1\/wp-json\/wp\/v2\/media?parent=2167"}],"wp:term":[{"taxonomy":"product_cat","embeddable":true,"href":"https:\/\/demolar.nifweb.com\/eticaret\/demo1\/wp-json\/wp\/v2\/product_cat?post=2167"},{"taxonomy":"product_tag","embeddable":true,"href":"https:\/\/demolar.nifweb.com\/eticaret\/demo1\/wp-json\/wp\/v2\/product_tag?post=2167"}],"curies":[{"name":"wp","href":"https:\/\/api.w.org\/{rel}","templated":true}]}}