{"id":2163,"date":"2020-12-23T10:02:40","date_gmt":"2020-12-23T10:02:40","guid":{"rendered":"https:\/\/demolar.nifweb.com\/eticaret\/demo1\/?post_type=product&#038;p=2163"},"modified":"2021-07-09T08:56:33","modified_gmt":"2021-07-09T08:56:33","slug":"erkek-uzun-kaban","status":"publish","type":"product","link":"https:\/\/demolar.nifweb.com\/eticaret\/demo1\/product\/erkek-uzun-kaban\/","title":{"rendered":"Erkek Uzun Kaban"},"content":{"rendered":"<div class=\"col-xs-12\">\n<h5>\u00dcr\u00fcn \u0130\u00e7eri\u011fi ve \u00d6zellikleri<\/h5>\n<\/div>\n<div class=\"col-xs-12\">\n<p><b>\u00dcr\u00fcn \u0130\u00e7eri\u011fi:<\/b><b>Ana Kuma\u015f:<\/b>\u00a0%58 Polyester %42 Pamuk<\/p>\n<p><b>Astar:<\/b>\u00a0%100 Polyester<\/p>\n<\/div>\n<div class=\"col-xs-12\">\n<div class=\"col-md-6 option-info nopadding\">\n<p><b>\u00dcr\u00fcn \u00d6zellikleri:<\/b><\/p>\n<p><b>Kal\u0131nl\u0131k:<\/b> \u0130nce<\/p>\n<p><b>Kal\u0131p:<\/b>\u00a0Dar<\/p>\n<p><b>Kol Boyu:<\/b>\u00a0Uzun Kol<\/p>\n<p><b>\u00dcr\u00fcn Tip:<\/b>\u00a0Kaban<\/p>\n<p><b>Yaka:<\/b>\u00a0Ceket Yaka<\/p>\n<p><b>Desen:<\/b>\u00a0D\u00fcz<\/p>\n<\/div>\n<\/div>\n","protected":false},"excerpt":{"rendered":"<h5>\u00dcr\u00fcn A\u00e7\u0131klamas\u0131<\/h5>\n<ul>\n<li>Kendi kuma\u015f\u0131ndan ku\u015fakl\u0131<\/li>\n<\/ul>\n","protected":false},"featured_media":2301,"menu_order":0,"comment_status":"open","ping_status":"closed","template":"","meta":[],"product_cat":[167,16,125],"product_tag":[147,182,181,184,183],"_links":{"self":[{"href":"https:\/\/demolar.nifweb.com\/eticaret\/demo1\/wp-json\/wp\/v2\/product\/2163"}],"collection":[{"href":"https:\/\/demolar.nifweb.com\/eticaret\/demo1\/wp-json\/wp\/v2\/product"}],"about":[{"href":"https:\/\/demolar.nifweb.com\/eticaret\/demo1\/wp-json\/wp\/v2\/types\/product"}],"replies":[{"embeddable":true,"href":"https:\/\/demolar.nifweb.com\/eticaret\/demo1\/wp-json\/wp\/v2\/comments?post=2163"}],"wp:featuredmedia":[{"embeddable":true,"href":"https:\/\/demolar.nifweb.com\/eticaret\/demo1\/wp-json\/wp\/v2\/media\/2301"}],"wp:attachment":[{"href":"https:\/\/demolar.nifweb.com\/eticaret\/demo1\/wp-json\/wp\/v2\/media?parent=2163"}],"wp:term":[{"taxonomy":"product_cat","embeddable":true,"href":"https:\/\/demolar.nifweb.com\/eticaret\/demo1\/wp-json\/wp\/v2\/product_cat?post=2163"},{"taxonomy":"product_tag","embeddable":true,"href":"https:\/\/demolar.nifweb.com\/eticaret\/demo1\/wp-json\/wp\/v2\/product_tag?post=2163"}],"curies":[{"name":"wp","href":"https:\/\/api.w.org\/{rel}","templated":true}]}}