{"id":2158,"date":"2020-12-23T10:01:48","date_gmt":"2020-12-23T10:01:48","guid":{"rendered":"https:\/\/demolar.nifweb.com\/eticaret\/demo1\/?post_type=product&#038;p=2158"},"modified":"2021-07-09T08:56:46","modified_gmt":"2021-07-09T08:56:46","slug":"erkek-sisme-mont","status":"publish","type":"product","link":"https:\/\/demolar.nifweb.com\/eticaret\/demo1\/product\/erkek-sisme-mont\/","title":{"rendered":"Erkek \u015ei\u015fme Mont"},"content":{"rendered":"<h2 class=\"h4 panel-title\">\u00dcr\u00fcn Hakk\u0131nda<\/h2>\n<div id=\"aboutprodtab\" class=\"panel-collapse animated-collapse collapse in\">\n<div class=\"panel-body js-tabcollapse-panel-body\">\n<div class=\"row no-margin\">\n<div class=\"col-sm-12\">\n<p class=\"pd-block\"><span class=\"productdetail-title\">\u00dcr\u00fcn Ad\u0131 :<\/span>\u00a0Siyah Erkek \u015ei\u015fme Mont &#8211; Sl<\/p>\n<p><span class=\"productdetail-title\">\u00dcr\u00fcn Detay\u0131 :\u00a0<\/span>Kar\u0131\u015f\u0131m : %100 Polyesterkesim : Modern F\u0131t<\/p>\n<\/div>\n<\/div>\n<\/div>\n<\/div>\n","protected":false},"excerpt":{"rendered":"<p>Erkek \u015e\u0131\u015fme Mont &#8211; Sl\u0131m F\u0131t<\/p>\n","protected":false},"featured_media":2299,"menu_order":0,"comment_status":"open","ping_status":"closed","template":"","meta":[],"product_cat":[167,16,125],"product_tag":[147,187,185,186],"_links":{"self":[{"href":"https:\/\/demolar.nifweb.com\/eticaret\/demo1\/wp-json\/wp\/v2\/product\/2158"}],"collection":[{"href":"https:\/\/demolar.nifweb.com\/eticaret\/demo1\/wp-json\/wp\/v2\/product"}],"about":[{"href":"https:\/\/demolar.nifweb.com\/eticaret\/demo1\/wp-json\/wp\/v2\/types\/product"}],"replies":[{"embeddable":true,"href":"https:\/\/demolar.nifweb.com\/eticaret\/demo1\/wp-json\/wp\/v2\/comments?post=2158"}],"wp:featuredmedia":[{"embeddable":true,"href":"https:\/\/demolar.nifweb.com\/eticaret\/demo1\/wp-json\/wp\/v2\/media\/2299"}],"wp:attachment":[{"href":"https:\/\/demolar.nifweb.com\/eticaret\/demo1\/wp-json\/wp\/v2\/media?parent=2158"}],"wp:term":[{"taxonomy":"product_cat","embeddable":true,"href":"https:\/\/demolar.nifweb.com\/eticaret\/demo1\/wp-json\/wp\/v2\/product_cat?post=2158"},{"taxonomy":"product_tag","embeddable":true,"href":"https:\/\/demolar.nifweb.com\/eticaret\/demo1\/wp-json\/wp\/v2\/product_tag?post=2158"}],"curies":[{"name":"wp","href":"https:\/\/api.w.org\/{rel}","templated":true}]}}