{"id":2153,"date":"2020-12-23T10:00:58","date_gmt":"2020-12-23T10:00:58","guid":{"rendered":"https:\/\/demolar.nifweb.com\/eticaret\/demo1\/?post_type=product&#038;p=2153"},"modified":"2021-07-09T08:57:17","modified_gmt":"2021-07-09T08:57:17","slug":"bordo-ceket-bayan","status":"publish","type":"product","link":"https:\/\/demolar.nifweb.com\/eticaret\/demo1\/product\/bordo-ceket-bayan\/","title":{"rendered":"Bordo Ceket Bayan"},"content":{"rendered":"<h2>\u00dcr\u00fcn ve Kuma\u015f \u00d6zellikleri<\/h2>\n<p><strong>Retro Palazo\u00a0<a href=\"https:\/\/www.maymoda.com\/kadin-ceket\/\">Ceket<\/a><\/strong>\u00a0ile spor-\u015f\u0131k kombinlere imza atabilirsiniz. Tek d\u00fc\u011fme detay\u0131yla dikkat \u00e7eken ceket modern \u00e7izgisiyle sizlere sunuluyor. Kad\u0131n ceket modelini k\u0131\u015f ve bahar aylar\u0131nda rahatl\u0131kla kombinleyebilirsiniz.<\/p>\n","protected":false},"excerpt":{"rendered":"<p><strong>\u00dcr\u00fcn \u00d6zellikleri:\u00a0<\/strong>Kelebek yaka, 2 cepli, tek d\u00fc\u011fmeli kapatmal\u0131 ceket.<\/p>\n","protected":false},"featured_media":2300,"menu_order":0,"comment_status":"open","ping_status":"closed","template":"","meta":[],"product_cat":[167,17,125],"product_tag":[168,189,147,188],"_links":{"self":[{"href":"https:\/\/demolar.nifweb.com\/eticaret\/demo1\/wp-json\/wp\/v2\/product\/2153"}],"collection":[{"href":"https:\/\/demolar.nifweb.com\/eticaret\/demo1\/wp-json\/wp\/v2\/product"}],"about":[{"href":"https:\/\/demolar.nifweb.com\/eticaret\/demo1\/wp-json\/wp\/v2\/types\/product"}],"replies":[{"embeddable":true,"href":"https:\/\/demolar.nifweb.com\/eticaret\/demo1\/wp-json\/wp\/v2\/comments?post=2153"}],"wp:featuredmedia":[{"embeddable":true,"href":"https:\/\/demolar.nifweb.com\/eticaret\/demo1\/wp-json\/wp\/v2\/media\/2300"}],"wp:attachment":[{"href":"https:\/\/demolar.nifweb.com\/eticaret\/demo1\/wp-json\/wp\/v2\/media?parent=2153"}],"wp:term":[{"taxonomy":"product_cat","embeddable":true,"href":"https:\/\/demolar.nifweb.com\/eticaret\/demo1\/wp-json\/wp\/v2\/product_cat?post=2153"},{"taxonomy":"product_tag","embeddable":true,"href":"https:\/\/demolar.nifweb.com\/eticaret\/demo1\/wp-json\/wp\/v2\/product_tag?post=2153"}],"curies":[{"name":"wp","href":"https:\/\/api.w.org\/{rel}","templated":true}]}}