{"id":2118,"date":"2020-12-23T09:47:07","date_gmt":"2020-12-23T09:47:07","guid":{"rendered":"https:\/\/demolar.nifweb.com\/eticaret\/demo1\/?post_type=product&#038;p=2118"},"modified":"2021-07-09T08:57:53","modified_gmt":"2021-07-09T08:57:53","slug":"ince-triko-bere","status":"publish","type":"product","link":"https:\/\/demolar.nifweb.com\/eticaret\/demo1\/product\/ince-triko-bere\/","title":{"rendered":"\u0130nce Triko Bere"},"content":{"rendered":"<h1 class=\"primary product-item-headline\">\u0130nce Triko Bere<\/h1>\n","protected":false},"excerpt":{"rendered":"<div class=\"details-attributes-list-item\">A\u011f\u0131rl\u0131k132 g<\/div>\n<div class=\"details-attributes-list-item\">\u00dcR\u00dcN \u0130\u00c7ER\u0130\u011e\u0130Akrilik 100%<\/div>\n<div class=\"details-attributes-list-item\">Bak\u0131m talimatlar\u013130\u00b0C makinede y\u0131kama<\/div>\n<div class=\"details-attributes-list-item\">A\u00e7\u0131klamaKahverengi<\/div>\n","protected":false},"featured_media":2302,"menu_order":0,"comment_status":"open","ping_status":"closed","template":"","meta":[],"product_cat":[16,17,125],"product_tag":[148,192,191,176],"_links":{"self":[{"href":"https:\/\/demolar.nifweb.com\/eticaret\/demo1\/wp-json\/wp\/v2\/product\/2118"}],"collection":[{"href":"https:\/\/demolar.nifweb.com\/eticaret\/demo1\/wp-json\/wp\/v2\/product"}],"about":[{"href":"https:\/\/demolar.nifweb.com\/eticaret\/demo1\/wp-json\/wp\/v2\/types\/product"}],"replies":[{"embeddable":true,"href":"https:\/\/demolar.nifweb.com\/eticaret\/demo1\/wp-json\/wp\/v2\/comments?post=2118"}],"wp:featuredmedia":[{"embeddable":true,"href":"https:\/\/demolar.nifweb.com\/eticaret\/demo1\/wp-json\/wp\/v2\/media\/2302"}],"wp:attachment":[{"href":"https:\/\/demolar.nifweb.com\/eticaret\/demo1\/wp-json\/wp\/v2\/media?parent=2118"}],"wp:term":[{"taxonomy":"product_cat","embeddable":true,"href":"https:\/\/demolar.nifweb.com\/eticaret\/demo1\/wp-json\/wp\/v2\/product_cat?post=2118"},{"taxonomy":"product_tag","embeddable":true,"href":"https:\/\/demolar.nifweb.com\/eticaret\/demo1\/wp-json\/wp\/v2\/product_tag?post=2118"}],"curies":[{"name":"wp","href":"https:\/\/api.w.org\/{rel}","templated":true}]}}