{"id":21,"date":"2019-04-24T04:41:17","date_gmt":"2019-04-24T04:41:17","guid":{"rendered":"https:\/\/demolar.nifweb.com\/eticaret\/demo1\/?post_type=product&#038;p=21"},"modified":"2021-07-09T10:07:12","modified_gmt":"2021-07-09T10:07:12","slug":"zumrut-kupe-yesil","status":"publish","type":"product","link":"https:\/\/demolar.nifweb.com\/eticaret\/demo1\/product\/zumrut-kupe-yesil\/","title":{"rendered":"Z\u00fcmr\u00fct K\u00fcpe Ye\u015fil"},"content":{"rendered":"<p>z\u00fcmr\u00fct k\u00fcpe ile dikkat \u00e7ekmeye haz\u0131r olun.<\/p>\n","protected":false},"excerpt":{"rendered":"<p>ye\u015fil z\u00fcmr\u00fctl\u00fc p\u0131rlanta i\u015flemeli k\u00fcpe.<\/p>\n","protected":false},"featured_media":22,"menu_order":0,"comment_status":"open","ping_status":"closed","template":"","meta":[],"product_cat":[17,23],"product_tag":[204,195,205],"_links":{"self":[{"href":"https:\/\/demolar.nifweb.com\/eticaret\/demo1\/wp-json\/wp\/v2\/product\/21"}],"collection":[{"href":"https:\/\/demolar.nifweb.com\/eticaret\/demo1\/wp-json\/wp\/v2\/product"}],"about":[{"href":"https:\/\/demolar.nifweb.com\/eticaret\/demo1\/wp-json\/wp\/v2\/types\/product"}],"replies":[{"embeddable":true,"href":"https:\/\/demolar.nifweb.com\/eticaret\/demo1\/wp-json\/wp\/v2\/comments?post=21"}],"wp:featuredmedia":[{"embeddable":true,"href":"https:\/\/demolar.nifweb.com\/eticaret\/demo1\/wp-json\/wp\/v2\/media\/22"}],"wp:attachment":[{"href":"https:\/\/demolar.nifweb.com\/eticaret\/demo1\/wp-json\/wp\/v2\/media?parent=21"}],"wp:term":[{"taxonomy":"product_cat","embeddable":true,"href":"https:\/\/demolar.nifweb.com\/eticaret\/demo1\/wp-json\/wp\/v2\/product_cat?post=21"},{"taxonomy":"product_tag","embeddable":true,"href":"https:\/\/demolar.nifweb.com\/eticaret\/demo1\/wp-json\/wp\/v2\/product_tag?post=21"}],"curies":[{"name":"wp","href":"https:\/\/api.w.org\/{rel}","templated":true}]}}