{"id":2033,"date":"2020-12-23T08:43:06","date_gmt":"2020-12-23T08:43:06","guid":{"rendered":"https:\/\/demolar.nifweb.com\/eticaret\/demo1\/?post_type=product&#038;p=2033"},"modified":"2021-07-09T08:58:10","modified_gmt":"2021-07-09T08:58:10","slug":"luks-parmak-yuzuk","status":"publish","type":"product","link":"https:\/\/demolar.nifweb.com\/eticaret\/demo1\/product\/luks-parmak-yuzuk\/","title":{"rendered":"L\u00fcks Parmak Y\u00fcz\u00fck"},"content":{"rendered":"<p class=\"paragraph___1C-HL\">Boyutu ABD boyutu 5(Dia.): 15.7mm\/0.62&#8243;&#8221; (Yakla\u015f\u0131k.) ABD boyutu 6(Dia.): 16.5mm\/0.65&#8243;&#8221; (Yakla\u015f\u0131k.) ABD boyutu 7(Dia.): 17.4mm\/0.69&#8243;&#8221; (Yakla\u015f\u0131k.) ABD boyutu 8(Dia.): 18.2mm\/0.72&#8243;&#8221; (Yakla\u015f\u0131k.) ABD boyutu 9(Dia.): 19.0mm\/0.75&#8243;&#8221; (Yakla\u015f\u0131k.) ABD boyutu 10(Dia.): 19.9mm\/0.78&#8243;&#8221; (Yakla\u015f\u0131k.) ABD boyutu 11(Dia.): 20.7mm\/0.81&#8243;&#8221; (Yakla\u015f\u0131k.) ABD boyutu 12(Dia.): 21.5mm\/0.85&#8243;&#8221; (Yakla\u015f\u0131k.) ABD boyutu 13(Dia.): 22.3mm\/0.88&#8243;&#8221; (Yakla\u015f\u0131k.) Malzeme: ala\u015f\u0131m A\u011f\u0131rl\u0131k: 10 g Renk: alt\u0131n g\u00fcm\u00fc\u015f Pack 1 adet<\/p>\n<p class=\"paragraph___1C-HL\">\u00dcr\u00fcn tipi: Kad\u0131n Y\u00fcz\u00fckleri<\/p>\n<p>&nbsp;<\/p>\n","protected":false},"excerpt":{"rendered":"<div class=\"item___1OqQu\">\n<div class=\"icon___2CJw_\">\n<div class=\"inverted___1gh2t\"><img loading=\"lazy\" class=\"image___1yp2c block___RQ5Rn contain___K2Ner\" src=\"https:\/\/resources.joomcdn.net\/warranty\/not_delivered.png\" alt=\"\" width=\"24px\" height=\"24px\" \/><\/div>\n<\/div>\n<div class=\"text___38YbH\">\u00dcr\u00fcn sat\u0131n al\u0131nd\u0131ktan sonraki 70 g\u00fcn i\u00e7erisinde teslim edilmezse paran\u0131z\u0131 iade edece\u011fiz. \u0130ade talep etmek i\u00e7in 2\u00a0hafta\u00a0 tarihine kadar g\u00fcn\u00fcn\u00fcz var\u00a0.<\/div>\n<\/div>\n<div class=\"item___1OqQu\">\n<div class=\"icon___2CJw_\">\n<div class=\"inverted___1gh2t\"><img loading=\"lazy\" class=\"image___1yp2c block___RQ5Rn contain___K2Ner\" src=\"https:\/\/resources.joomcdn.net\/warranty\/warranty.png\" alt=\"\" width=\"24px\" height=\"24px\" \/><\/div>\n<\/div>\n<div class=\"text___38YbH\">\u00dcr\u00fcn tan\u0131ma uymuyor mu? Sipari\u015finizi ald\u0131ktan sonra 30 g\u00fcn i\u00e7inde bizimle ileti\u015fime ge\u00e7in!<\/div>\n<\/div>\n<div class=\"item___1OqQu\">\n<div class=\"icon___2CJw_\">\n<div class=\"inverted___1gh2t\"><img loading=\"lazy\" class=\"image___1yp2c block___RQ5Rn contain___K2Ner\" src=\"https:\/\/resources.joomcdn.net\/warranty\/refund.png\" alt=\"\" width=\"24px\" height=\"24px\" \/><\/div>\n<\/div>\n<div class=\"text___38YbH\">\u0130ptal edilmesi durumunda sipari\u015fin paras\u0131 14 i\u015f g\u00fcn\u00fc i\u00e7erisinde iade edilecektir.<\/div>\n<\/div>\n","protected":false},"featured_media":2034,"menu_order":0,"comment_status":"open","ping_status":"closed","template":"","meta":[],"product_cat":[134,17,23],"product_tag":[194,193,151,149],"_links":{"self":[{"href":"https:\/\/demolar.nifweb.com\/eticaret\/demo1\/wp-json\/wp\/v2\/product\/2033"}],"collection":[{"href":"https:\/\/demolar.nifweb.com\/eticaret\/demo1\/wp-json\/wp\/v2\/product"}],"about":[{"href":"https:\/\/demolar.nifweb.com\/eticaret\/demo1\/wp-json\/wp\/v2\/types\/product"}],"replies":[{"embeddable":true,"href":"https:\/\/demolar.nifweb.com\/eticaret\/demo1\/wp-json\/wp\/v2\/comments?post=2033"}],"wp:featuredmedia":[{"embeddable":true,"href":"https:\/\/demolar.nifweb.com\/eticaret\/demo1\/wp-json\/wp\/v2\/media\/2034"}],"wp:attachment":[{"href":"https:\/\/demolar.nifweb.com\/eticaret\/demo1\/wp-json\/wp\/v2\/media?parent=2033"}],"wp:term":[{"taxonomy":"product_cat","embeddable":true,"href":"https:\/\/demolar.nifweb.com\/eticaret\/demo1\/wp-json\/wp\/v2\/product_cat?post=2033"},{"taxonomy":"product_tag","embeddable":true,"href":"https:\/\/demolar.nifweb.com\/eticaret\/demo1\/wp-json\/wp\/v2\/product_tag?post=2033"}],"curies":[{"name":"wp","href":"https:\/\/api.w.org\/{rel}","templated":true}]}}