{"id":2029,"date":"2020-12-23T08:06:27","date_gmt":"2020-12-23T08:06:27","guid":{"rendered":"https:\/\/demolar.nifweb.com\/eticaret\/demo1\/?post_type=product&#038;p=2029"},"modified":"2021-07-09T08:58:44","modified_gmt":"2021-07-09T08:58:44","slug":"cicek-desenli-yuzuk","status":"publish","type":"product","link":"https:\/\/demolar.nifweb.com\/eticaret\/demo1\/product\/cicek-desenli-yuzuk\/","title":{"rendered":"\u00c7i\u00e7ek Desenli Y\u00fcz\u00fck"},"content":{"rendered":"<div>Ayarlanabilir,her parmak yap\u0131s\u0131 i\u00e7in kullan\u0131ma uygundur.<\/div>\n","protected":false},"excerpt":{"rendered":"<p class=\"product__summary-description__info js-refund-badge \">15 g\u00fcn i\u00e7inde \u00fccretsiz iade.\u00a0<a class=\"js-refund-info-icon\"><span class=\"product__property__link__text\">Kolay iade i\u00e7in t\u0131klay\u0131n<\/span><\/a><\/p>\n<p class=\"product__summary-description__info\">Bu \u00fcr\u00fcn\u00a0<a href=\"https:\/\/www.ciceksepeti.com\/tum-urunler?storeid=6096\"><span class=\"product__property__link__text\">Lotus G\u00fcm\u00fc\u015f<\/span><\/a>\u00a0taraf\u0131ndan g\u00f6nderilecektir.<\/p>\n<p class=\"product__summary-description__info\">Bu sat\u0131c\u0131n\u0131n \u00fcr\u00fcnlerinde ge\u00e7erli\u00a0<a href=\"https:\/\/www.ciceksepeti.com\/tum-urunler?storeId=6096\"><u><span class=\"product__property__link__text\">50,00 TL \u00dczeri Kargo Bedava<\/span><\/u><\/a><\/p>\n<p class=\"product__summary-description__info\">Bu Sat\u0131c\u0131n\u0131n\u00a0<a href=\"https:\/\/www.ciceksepeti.com\/tum-urunler?storeid=6096\"><span class=\"product__property__link__text\">T\u00fcm \u00dcr\u00fcnlerini G\u00f6r\u00fcnt\u00fcle<\/span><\/a><\/p>\n<p class=\"product__summary-description__info\">\u00dcr\u00fcn sayfas\u0131nda g\u00f6rd\u00fc\u011f\u00fcn\u00fcz fiyat bilgileri, sat\u0131c\u0131 taraf\u0131ndan belirlenmektedir.<\/p>\n","protected":false},"featured_media":2030,"menu_order":0,"comment_status":"open","ping_status":"closed","template":"","meta":[],"product_cat":[23],"product_tag":[198,151,149],"_links":{"self":[{"href":"https:\/\/demolar.nifweb.com\/eticaret\/demo1\/wp-json\/wp\/v2\/product\/2029"}],"collection":[{"href":"https:\/\/demolar.nifweb.com\/eticaret\/demo1\/wp-json\/wp\/v2\/product"}],"about":[{"href":"https:\/\/demolar.nifweb.com\/eticaret\/demo1\/wp-json\/wp\/v2\/types\/product"}],"replies":[{"embeddable":true,"href":"https:\/\/demolar.nifweb.com\/eticaret\/demo1\/wp-json\/wp\/v2\/comments?post=2029"}],"wp:featuredmedia":[{"embeddable":true,"href":"https:\/\/demolar.nifweb.com\/eticaret\/demo1\/wp-json\/wp\/v2\/media\/2030"}],"wp:attachment":[{"href":"https:\/\/demolar.nifweb.com\/eticaret\/demo1\/wp-json\/wp\/v2\/media?parent=2029"}],"wp:term":[{"taxonomy":"product_cat","embeddable":true,"href":"https:\/\/demolar.nifweb.com\/eticaret\/demo1\/wp-json\/wp\/v2\/product_cat?post=2029"},{"taxonomy":"product_tag","embeddable":true,"href":"https:\/\/demolar.nifweb.com\/eticaret\/demo1\/wp-json\/wp\/v2\/product_tag?post=2029"}],"curies":[{"name":"wp","href":"https:\/\/api.w.org\/{rel}","templated":true}]}}