{"id":2024,"date":"2020-12-23T08:00:17","date_gmt":"2020-12-23T08:00:17","guid":{"rendered":"https:\/\/demolar.nifweb.com\/eticaret\/demo1\/?post_type=product&#038;p=2024"},"modified":"2021-07-09T08:59:31","modified_gmt":"2021-07-09T08:59:31","slug":"mavi-tasli-bayan-kupe","status":"publish","type":"product","link":"https:\/\/demolar.nifweb.com\/eticaret\/demo1\/product\/mavi-tasli-bayan-kupe\/","title":{"rendered":"Mavi Ta\u015fl\u0131 Bayan K\u00fcpe"},"content":{"rendered":"<ul class=\"list-unstyled description\">\n<li class=\"p-model\">\u00dcr\u00fcn Kodu:\u00a0<span class=\"p-model\">KP0121<\/span><\/li>\n<li class=\"p-stock\">Stok Durumu:\u00a0<span class=\"journal-stock instock\">Stokta var<\/span><\/li>\n<li class=\"p-stock\">Kargolanma S\u00fcresi:\u00a0<span class=\"journal-stock instock\">7 G\u00fcn<\/span><\/li>\n<\/ul>\n","protected":false},"excerpt":{"rendered":"<table style=\"font-weight: 400\">\n<thead>\n<tr>\n<td colspan=\"2\"><strong style=\"font-weight: inherit\">Alt\u0131n \u00dcr\u00fcn \u00d6zellikleri<\/strong><\/td>\n<\/tr>\n<\/thead>\n<tbody>\n<tr>\n<td>MADEN<\/td>\n<td>BEYAZ ALTIN<\/td>\n<\/tr>\n<tr>\n<td>AYAR<\/td>\n<td>14K<\/td>\n<\/tr>\n<tr>\n<td>GRAM<\/td>\n<td>2.75<\/td>\n<\/tr>\n<tr>\n<td>TA\u015e<\/td>\n<td>Z\u0130RKON<\/td>\n<\/tr>\n<tr>\n<td>TA\u015e RENG\u0130<\/td>\n<td>MAV\u0130<\/td>\n<\/tr>\n<tr>\n<td>KES\u0130M \u015eEKL\u0130<\/td>\n<td>D\u0130KD\u00d6RTGEN<\/td>\n<\/tr>\n<tr>\n<td>KENAR TA\u015eI<\/td>\n<td>VAR<\/td>\n<\/tr>\n<tr>\n<td>GARANT\u0130 S\u00dcRES\u0130<\/td>\n<td>5 YIL<\/td>\n<\/tr>\n<\/tbody>\n<\/table>\n<p><br style=\"font-weight: 400\" \/><br style=\"font-weight: 400\" \/><\/p>\n<p style=\"font-weight: 400\">Keskin hatlar\u0131 ile esasl\u0131 ve nitelikli bir duru\u015f kazanan\u00a0<strong>k\u00fcpe<\/strong>, kad\u0131nlar\u0131m\u0131z\u0131n klas tarz\u0131na uyum sa\u011flayarak mavi rengin verdi\u011fi huzur ve \u00f6zg\u00fcrl\u00fck ile keyifli bir g\u00f6r\u00fcn\u00fcme ula\u015facak!<\/p>\n<p style=\"font-weight: 400\">14 ayar beyaz alt\u0131n kullan\u0131larak \u00fcretilmi\u015f k\u00fcpemizin a\u011f\u0131rl\u0131\u011f\u0131 2,75 gramd\u0131r. Dikd\u00f6rtgen kesimi ile karakteristik bir duru\u015f kazanan ta\u015f, zirkondur. Mavi renkte ta\u015f kullan\u0131larak kad\u0131nlar\u0131m\u0131z\u0131n huzurlu ve konforlu bir kullan\u0131m sa\u011flamas\u0131 ama\u00e7lan\u0131rken ayn\u0131 zamanda \u00fcr\u00fcne bir renk getirilerek g\u00f6z al\u0131c\u0131 bir tasar\u0131ma imza at\u0131lm\u0131\u015ft\u0131r. Kenar ta\u015f\u0131 bulunan \u00fcr\u00fcn\u00fcm\u00fcz\u00fcn garanti s\u00fcresi 5 y\u0131ld\u0131r.<\/p>\n<p style=\"font-weight: 400\">Merkeze oturtulmu\u015f zirkon ta\u015f ile b\u00fcy\u00fcleyici bir g\u00f6r\u00fcn\u00fcme ula\u015fan\u00a0<strong>beyaz alt\u0131n mavi dikd\u00f6rtgen kesin ta\u015fl\u0131 k\u00fcpe<\/strong>, klasik tarza sahip kad\u0131nlar\u0131m\u0131z\u0131n g\u00fczelli\u011fini ta\u00e7land\u0131racak!<\/p>\n","protected":false},"featured_media":2025,"menu_order":0,"comment_status":"open","ping_status":"closed","template":"","meta":[],"product_cat":[17,23],"product_tag":[204,195,203,202,151],"_links":{"self":[{"href":"https:\/\/demolar.nifweb.com\/eticaret\/demo1\/wp-json\/wp\/v2\/product\/2024"}],"collection":[{"href":"https:\/\/demolar.nifweb.com\/eticaret\/demo1\/wp-json\/wp\/v2\/product"}],"about":[{"href":"https:\/\/demolar.nifweb.com\/eticaret\/demo1\/wp-json\/wp\/v2\/types\/product"}],"replies":[{"embeddable":true,"href":"https:\/\/demolar.nifweb.com\/eticaret\/demo1\/wp-json\/wp\/v2\/comments?post=2024"}],"wp:featuredmedia":[{"embeddable":true,"href":"https:\/\/demolar.nifweb.com\/eticaret\/demo1\/wp-json\/wp\/v2\/media\/2025"}],"wp:attachment":[{"href":"https:\/\/demolar.nifweb.com\/eticaret\/demo1\/wp-json\/wp\/v2\/media?parent=2024"}],"wp:term":[{"taxonomy":"product_cat","embeddable":true,"href":"https:\/\/demolar.nifweb.com\/eticaret\/demo1\/wp-json\/wp\/v2\/product_cat?post=2024"},{"taxonomy":"product_tag","embeddable":true,"href":"https:\/\/demolar.nifweb.com\/eticaret\/demo1\/wp-json\/wp\/v2\/product_tag?post=2024"}],"curies":[{"name":"wp","href":"https:\/\/api.w.org\/{rel}","templated":true}]}}