{"id":2020,"date":"2020-12-23T07:42:39","date_gmt":"2020-12-23T07:42:39","guid":{"rendered":"https:\/\/demolar.nifweb.com\/eticaret\/demo1\/?post_type=product&#038;p=2020"},"modified":"2021-07-09T09:00:08","modified_gmt":"2021-07-09T09:00:08","slug":"zarif-ince-zumrut-yuzuk","status":"publish","type":"product","link":"https:\/\/demolar.nifweb.com\/eticaret\/demo1\/product\/zarif-ince-zumrut-yuzuk\/","title":{"rendered":"Zarif \u0130nce Z\u00fcmr\u00fct Y\u00fcz\u00fck"},"content":{"rendered":"<p><span class=\"prod-name\">Alt\u0131n 14k Trio P\u0131rlanta Z\u00fcmr\u00fct Y\u00fcz\u00fck<\/span><\/p>\n<p>Trio P\u0131rlanta Y\u00fcz\u00fck<\/p>\n<p>14k Pembe Alt\u0131n \u00a0P\u0131rlantal\u0131 ve Z\u00fcmr\u00fct Pembe Alt\u0131n \u00a0Y\u00fcz\u00fck<br \/>\n0,03 ct P\u0131rlanta &#8211; 0,05 ct Z\u00fcmr\u00fct<\/p>\n","protected":false},"excerpt":{"rendered":"<div id=\"tabs-1\" class=\"contentTab detail description\">\n<p><b>\u00dcr\u00fcnlerimizin \u00fczerindeki p\u0131rlanta ve di\u011fer de\u011ferli ta\u015flar %100 hakiki ve iyi kalitedir.<\/b><\/p>\n<p>\u00d6l\u00e7\u00fc ve renk tercihinizi nuumujewelry@gmail.com adresine bildiriniz<\/p>\n<p>El Yap\u0131m\u0131 \u00d6zel tasar\u0131m olan bu \u00fcr\u00fcn\u00fcn teslim s\u00fcresi 7 i\u015f g\u00fcn\u00fcd\u00fcr.<\/p>\n<p>Alm\u0131\u015f oldu\u011funuz \u00fcr\u00fcnleri 7 g\u00fcn i\u00e7inde bizimle ileti\u015fime ge\u00e7erek iade edebilirsiniz.<\/p>\n<p><strong>Bu \u00fcr\u00fcn \u00f6zelle\u015ftirilebilir mi?<\/strong><br \/>\nEvet, bu \u00fcr\u00fcn ihtiyac\u0131n\u0131za g\u00f6re tasarlanabilir, \u00f6zelle\u015ftirebilmek i\u00e7in benimle temasa ge\u00e7ebilirsiniz.<\/p>\n<p><strong>Bu urun ne renk?<\/strong><br \/>\n\u00dcr\u00fcn\u00a0<strong>Pembe<\/strong>\u00a0renklidir<\/p>\n<p><strong>Kimler kullanabilir?<\/strong><br \/>\nBu \u00fcr\u00fcn\u00a0<strong>Kad\u0131n<\/strong>\u00a0\u00fcr\u00fcn\u00fc olarak tasarlanm\u0131\u015f,\u00a0<strong>S\u0131f\u0131r<\/strong>\u00a0bir \u00fcr\u00fcnd\u00fcr.<\/p>\n<p><strong>Hangi malzemeler ile tasarland\u0131?<\/strong><br \/>\nBu\u00a0<strong>De\u011ferli ta\u015f, G\u00fcnl\u00fck, Zarif<\/strong>\u00a0\u00fcr\u00fcn,\u00a0<strong>Alt\u0131n, De\u011ferli ta\u015f<\/strong>\u00a0kullan\u0131larak \u00fcretilmi\u015ftir.<\/p>\n<p><strong>Ayarlanabilir mi?<\/strong><br \/>\nBu y\u00fcz\u00fck ayarlanabilir bir y\u00fcz\u00fckt\u00fcr.<\/p>\n<p><strong>Bu \u00fcr\u00fcn\u00fc tan\u0131mlay\u0131c\u0131 anahtar kelimeler :<\/strong><br \/>\nz\u00fcmr\u00fct y\u00fcz\u00fck, p\u0131rlanta y\u00fcz\u00fck<\/p>\n<p><strong>Kargo \u00fccreti \u00f6der miyim?<\/strong><br \/>\nBu \u00fcr\u00fcnde kargo\u00a0<strong>\u00dccretsizdir.<\/strong><\/p>\n<p><strong>Bu \u00fcr\u00fcn ka\u00e7 g\u00fcnde kargoya verilir?<\/strong><br \/>\nBu \u00fcr\u00fcn\u00a0<strong>6 i\u015f g\u00fcn\u00fc<\/strong>\u00a0i\u00e7erisinde kargoya verilir.<\/p>\n<\/div>\n","protected":false},"featured_media":2028,"menu_order":0,"comment_status":"open","ping_status":"closed","template":"","meta":[],"product_cat":[17,23],"product_tag":[201,151,149,205],"_links":{"self":[{"href":"https:\/\/demolar.nifweb.com\/eticaret\/demo1\/wp-json\/wp\/v2\/product\/2020"}],"collection":[{"href":"https:\/\/demolar.nifweb.com\/eticaret\/demo1\/wp-json\/wp\/v2\/product"}],"about":[{"href":"https:\/\/demolar.nifweb.com\/eticaret\/demo1\/wp-json\/wp\/v2\/types\/product"}],"replies":[{"embeddable":true,"href":"https:\/\/demolar.nifweb.com\/eticaret\/demo1\/wp-json\/wp\/v2\/comments?post=2020"}],"wp:featuredmedia":[{"embeddable":true,"href":"https:\/\/demolar.nifweb.com\/eticaret\/demo1\/wp-json\/wp\/v2\/media\/2028"}],"wp:attachment":[{"href":"https:\/\/demolar.nifweb.com\/eticaret\/demo1\/wp-json\/wp\/v2\/media?parent=2020"}],"wp:term":[{"taxonomy":"product_cat","embeddable":true,"href":"https:\/\/demolar.nifweb.com\/eticaret\/demo1\/wp-json\/wp\/v2\/product_cat?post=2020"},{"taxonomy":"product_tag","embeddable":true,"href":"https:\/\/demolar.nifweb.com\/eticaret\/demo1\/wp-json\/wp\/v2\/product_tag?post=2020"}],"curies":[{"name":"wp","href":"https:\/\/api.w.org\/{rel}","templated":true}]}}