{"id":19,"date":"2019-04-25T04:33:48","date_gmt":"2019-04-25T04:33:48","guid":{"rendered":"https:\/\/demolar.nifweb.com\/eticaret\/demo1\/?post_type=product&#038;p=19"},"modified":"2021-07-09T10:06:10","modified_gmt":"2021-07-09T10:06:10","slug":"bisiklet-yaka-erkek-tisort","status":"publish","type":"product","link":"https:\/\/demolar.nifweb.com\/eticaret\/demo1\/product\/bisiklet-yaka-erkek-tisort\/","title":{"rendered":"Bisiklet Yaka Erkek Ti\u015f\u00f6rt"},"content":{"rendered":"<p>sporda kullanabilece\u011finiz bu ti\u015f\u00f6rt\u00fc giyerek dikkatleri \u00fczerinize toplayabilirsiniz.<\/p>\n","protected":false},"excerpt":{"rendered":"<p>lacivert %100 polyester<\/p>\n<p>a kalite kuma\u015f.<\/p>\n","protected":false},"featured_media":20,"menu_order":0,"comment_status":"open","ping_status":"closed","template":"","meta":[],"product_cat":[16],"product_tag":[283,281,282],"_links":{"self":[{"href":"https:\/\/demolar.nifweb.com\/eticaret\/demo1\/wp-json\/wp\/v2\/product\/19"}],"collection":[{"href":"https:\/\/demolar.nifweb.com\/eticaret\/demo1\/wp-json\/wp\/v2\/product"}],"about":[{"href":"https:\/\/demolar.nifweb.com\/eticaret\/demo1\/wp-json\/wp\/v2\/types\/product"}],"replies":[{"embeddable":true,"href":"https:\/\/demolar.nifweb.com\/eticaret\/demo1\/wp-json\/wp\/v2\/comments?post=19"}],"wp:featuredmedia":[{"embeddable":true,"href":"https:\/\/demolar.nifweb.com\/eticaret\/demo1\/wp-json\/wp\/v2\/media\/20"}],"wp:attachment":[{"href":"https:\/\/demolar.nifweb.com\/eticaret\/demo1\/wp-json\/wp\/v2\/media?parent=19"}],"wp:term":[{"taxonomy":"product_cat","embeddable":true,"href":"https:\/\/demolar.nifweb.com\/eticaret\/demo1\/wp-json\/wp\/v2\/product_cat?post=19"},{"taxonomy":"product_tag","embeddable":true,"href":"https:\/\/demolar.nifweb.com\/eticaret\/demo1\/wp-json\/wp\/v2\/product_tag?post=19"}],"curies":[{"name":"wp","href":"https:\/\/api.w.org\/{rel}","templated":true}]}}