{"id":1868,"date":"2020-08-19T09:21:05","date_gmt":"2020-08-19T09:21:05","guid":{"rendered":"https:\/\/demolar.nifweb.com\/eticaret\/demo1\/?post_type=product&#038;p=1868"},"modified":"2021-07-09T09:00:36","modified_gmt":"2021-07-09T09:00:36","slug":"gunes-gozlugu","status":"publish","type":"product","link":"https:\/\/demolar.nifweb.com\/eticaret\/demo1\/product\/gunes-gozlugu\/","title":{"rendered":"G\u00fcne\u015f G\u00f6zl\u00fc\u011f\u00fc"},"content":{"rendered":"<p><span class=\"middle\">14 G\u00fcnl\u00fck \u00dccretsiz \u0130ade ve 99$ \u00fczeri \u00fccretsiz kargo<\/span><\/p>\n","protected":false},"excerpt":{"rendered":"<p>Cesur bir stil dokunu\u015fu i\u00e7in bu yamuk \u015feklindeki lens \u00e7er\u00e7evelerini al\u0131n.\u00a0Siyah asetat lens \u00e7er\u00e7eveleri ve \u015fakaklar, \u015fakaklardaki silindirik Alt\u0131n b\u00f6l\u00fcmlerle m\u00fckemmel uyum sa\u011flar.\u00a0Jasmine sadece zahmetsizce \u015f\u0131k olmakla kalmaz, ayn\u0131 zamanda rahat olmas\u0131n\u0131 ve her y\u00fcze iyi oturmas\u0131n\u0131 sa\u011flamak i\u00e7in yayl\u0131 mente\u015felere sahiptir.<\/p>\n","protected":false},"featured_media":1873,"menu_order":0,"comment_status":"open","ping_status":"closed","template":"","meta":[],"product_cat":[16,107,17],"product_tag":[206,207],"_links":{"self":[{"href":"https:\/\/demolar.nifweb.com\/eticaret\/demo1\/wp-json\/wp\/v2\/product\/1868"}],"collection":[{"href":"https:\/\/demolar.nifweb.com\/eticaret\/demo1\/wp-json\/wp\/v2\/product"}],"about":[{"href":"https:\/\/demolar.nifweb.com\/eticaret\/demo1\/wp-json\/wp\/v2\/types\/product"}],"replies":[{"embeddable":true,"href":"https:\/\/demolar.nifweb.com\/eticaret\/demo1\/wp-json\/wp\/v2\/comments?post=1868"}],"wp:featuredmedia":[{"embeddable":true,"href":"https:\/\/demolar.nifweb.com\/eticaret\/demo1\/wp-json\/wp\/v2\/media\/1873"}],"wp:attachment":[{"href":"https:\/\/demolar.nifweb.com\/eticaret\/demo1\/wp-json\/wp\/v2\/media?parent=1868"}],"wp:term":[{"taxonomy":"product_cat","embeddable":true,"href":"https:\/\/demolar.nifweb.com\/eticaret\/demo1\/wp-json\/wp\/v2\/product_cat?post=1868"},{"taxonomy":"product_tag","embeddable":true,"href":"https:\/\/demolar.nifweb.com\/eticaret\/demo1\/wp-json\/wp\/v2\/product_tag?post=1868"}],"curies":[{"name":"wp","href":"https:\/\/api.w.org\/{rel}","templated":true}]}}