{"id":1864,"date":"2020-08-19T09:21:03","date_gmt":"2020-08-19T09:21:03","guid":{"rendered":"https:\/\/demolar.nifweb.com\/eticaret\/demo1\/?post_type=product&#038;p=1864"},"modified":"2021-07-09T09:00:53","modified_gmt":"2021-07-09T09:00:53","slug":"seffaf-camli-gozluk","status":"publish","type":"product","link":"https:\/\/demolar.nifweb.com\/eticaret\/demo1\/product\/seffaf-camli-gozluk\/","title":{"rendered":"\u015eeffaf Caml\u0131 G\u00f6zl\u00fck"},"content":{"rendered":"<p><span class=\"middle\">14 G\u00fcnl\u00fck \u00dccretsiz \u0130ade ve 99$ \u00fczeri \u00fccretsiz kargo<\/span><\/p>\n<p>&nbsp;<\/p>\n","protected":false},"excerpt":{"rendered":"<p>Yar\u0131 saydam \u00e7er\u00e7eveler kal\u0131c\u0131 bir trend ve Jasmine bunu a\u00e7\u0131k\u00e7a ortaya koyuyor.\u00a0Ger\u00e7ekten benzersiz bir g\u00f6r\u00fcn\u00fcm i\u00e7in modern bir metal vurguya sahip olan boynuz y\u00fcz\u00fc \u00f6n, mente\u015felerde alt\u0131n silindirlerle bir araya gelerek bu minimalist \u00f6zelliklere tam olarak do\u011fru miktarda yetenek kat\u0131yor.\u00a0Rahat bir uyum i\u00e7in yayl\u0131 mente\u015felerle.<\/p>\n","protected":false},"featured_media":1872,"menu_order":0,"comment_status":"open","ping_status":"closed","template":"","meta":[],"product_cat":[208],"product_tag":[209,210],"_links":{"self":[{"href":"https:\/\/demolar.nifweb.com\/eticaret\/demo1\/wp-json\/wp\/v2\/product\/1864"}],"collection":[{"href":"https:\/\/demolar.nifweb.com\/eticaret\/demo1\/wp-json\/wp\/v2\/product"}],"about":[{"href":"https:\/\/demolar.nifweb.com\/eticaret\/demo1\/wp-json\/wp\/v2\/types\/product"}],"replies":[{"embeddable":true,"href":"https:\/\/demolar.nifweb.com\/eticaret\/demo1\/wp-json\/wp\/v2\/comments?post=1864"}],"wp:featuredmedia":[{"embeddable":true,"href":"https:\/\/demolar.nifweb.com\/eticaret\/demo1\/wp-json\/wp\/v2\/media\/1872"}],"wp:attachment":[{"href":"https:\/\/demolar.nifweb.com\/eticaret\/demo1\/wp-json\/wp\/v2\/media?parent=1864"}],"wp:term":[{"taxonomy":"product_cat","embeddable":true,"href":"https:\/\/demolar.nifweb.com\/eticaret\/demo1\/wp-json\/wp\/v2\/product_cat?post=1864"},{"taxonomy":"product_tag","embeddable":true,"href":"https:\/\/demolar.nifweb.com\/eticaret\/demo1\/wp-json\/wp\/v2\/product_tag?post=1864"}],"curies":[{"name":"wp","href":"https:\/\/api.w.org\/{rel}","templated":true}]}}