{"id":1855,"date":"2020-08-19T09:04:51","date_gmt":"2020-08-19T09:04:51","guid":{"rendered":"https:\/\/demolar.nifweb.com\/eticaret\/demo1\/?post_type=product&#038;p=1855"},"modified":"2021-07-09T09:01:05","modified_gmt":"2021-07-09T09:01:05","slug":"geometrik-desenli-bayan-gunes-gozlugu","status":"publish","type":"product","link":"https:\/\/demolar.nifweb.com\/eticaret\/demo1\/product\/geometrik-desenli-bayan-gunes-gozlugu\/","title":{"rendered":"Geometrik Desenli Bayan G\u00fcne\u015f G\u00f6zl\u00fc\u011f\u00fc"},"content":{"rendered":"<div class=\"pro-right-shipping clearfix\">\n<div class=\"pro_right_shipping align-items-start justify-content-start no_right_shipping d-flex\">\n<p class=\"pro-right-shipping-txt d-flex\"><span class=\"shipping-txt\"><b>\u00dcCRETS\u0130Z teslimat &#8211;\u00a0<\/b><span class=\"pro_infor_rtext\">Ships within 5-11 Working Day<\/span><\/span><\/p>\n<\/div>\n<\/div>\n<div class=\"pro-right-shipping clearfix\">\n<div class=\"pro_right_returns d-flex align-items-start justify-content-start\">\n<p class=\"pro-right-shipping-txt d-flex\"><i class=\"fa fa-check\"><\/i>100 G\u00fcn i\u00e7inde iade &amp; 24 ay garanti<\/p>\n<\/div>\n<\/div>\n<div class=\"pro-right-shipping pro_right_lens d-flex align-items-start justify-content-start clearfix\">\n<p class=\"pro-right-shipping-txt d-flex\"><i class=\"fa fa-check\"><\/i><b>Lenses:<\/b>\u00a0T\u00fcm G\u00f6zl\u00fck \u0130htiya\u00e7lar\u0131 \u0130\u00e7in<\/p>\n<div class=\"proPop-box\"><\/div>\n<\/div>\n","protected":false},"excerpt":{"rendered":"<div id=\"tw-container\" class=\"YQaNob\" data-cp=\"1\" data-is-ver=\"false\" data-nnttsvi=\"1\" data-sm=\"1\" data-sugg-time=\"500\" data-sugg-url=\"https:\/\/clients1.google.com\/complete\/search\" data-uilc=\"tr\">\n<div>\n<div>\n<div id=\"tw-ob\" class=\"tw-src-ltr\">\n<div class=\"oSioSc\">\n<div id=\"tw-target\">\n<div id=\"kAz1tf\" class=\"g9WsWb\">\n<div id=\"tw-target-text-container\" class=\"tw-ta-container F0azHf tw-nfl\">\n<pre id=\"tw-target-text\" class=\"tw-data-text tw-text-large XcVN5d tw-ta\" data-placeholder=\"\u00c7eviri\"><span class=\"Y2IQFc\" lang=\"tr\">UVA ve UVB Korumas\u0131\r\n* Tasar\u0131mc\u0131dan \u0130lham Al\u0131nd\u0131\r\n* El Cilal\u0131 \u00c7er\u00e7eve\r\n* Polikarbonat UV400 Lensler\r\n* Mikrofiber \u00c7anta Dahil\r\n57mm(G) 41mm(Y) 18mm(BR) 153mm Toplam \u00c7er\u00e7eve<\/span><\/pre>\n<\/div>\n<div id=\"tw-target-rmn-container\" class=\"tw-target-rmn tw-ta-container F0azHf tw-nfl\">\n<pre id=\"tw-target-rmn\" class=\"tw-data-placeholder tw-text-small tw-ta\" data-placeholder=\"\"><\/pre>\n<\/div>\n<div class=\"iYB33c\">\n<div class=\"dlJLJe\">\n<div data-cviv=\"false\" data-ved=\"2ahUKEwivvebpkdHxAhXdhv0HHaiJDggQz_AEMAB6BAgCEA8\">\n<div class=\"U9URNb\"><img loading=\"lazy\" id=\"dimg_16\" class=\"rISBZc M4dUYb\" src=\"image\/png;base64,iVBORw0KGgoAAAANSUhEUgAAABQAAAAUCAQAAAAngNWGAAAA\/0lEQVR4AYXNMSiEcRyA4cfmGHQbCZIipkuxnJgMStlMNmeyD2dwmc8+sZgxYJd9ErIZFHUyYYD7fkr6l4\/rnvmtl7+KitrqV\/fq2Y5eLY3Z9S48eRLe7BmVZ9qhTLhQ0algzZWQOVKSsCF8OjAnwbxDTWFDUhPK\/jMr1H6HE\/IqRky2DyvCefuwItwZzodVoYRiLqMkVCXrwpJ9twZ+sgfDYEFYl8wIWxZ9uFf7zkallxlJh4YrLGsKjZRx7VGHhLqwgFUN45DGdb8MeXGpgB4ABZdeDcpZEY51A+hyLKz4S1W4MQWm3AibWtgWmk6dyISa1pSdyWTOlLXVp0+eL9D\/ZPfBTNanAAAAAElFTkSuQmCC\" alt=\"Topluluk Taraf\u0131ndan Do\u011fruland\u0131 simgesi\" width=\"16\" height=\"16\" data-atf=\"0\" \/><\/div>\n<\/div>\n<\/div>\n<div id=\"tw-tmenu\" class=\"tw-menu\"><\/div>\n<\/div>\n<\/div>\n<\/div>\n<\/div>\n<\/div>\n<div id=\"tw-images\"><\/div>\n<div class=\"dURPtb\"><\/div>\n<div>\n<div><\/div>\n<\/div>\n<\/div>\n<\/div>\n<\/div>\n<div class=\"KFFQ0c xKf9F\"><\/div>\n","protected":false},"featured_media":1860,"menu_order":0,"comment_status":"open","ping_status":"closed","template":"","meta":[],"product_cat":[107,17],"product_tag":[211,206,207],"_links":{"self":[{"href":"https:\/\/demolar.nifweb.com\/eticaret\/demo1\/wp-json\/wp\/v2\/product\/1855"}],"collection":[{"href":"https:\/\/demolar.nifweb.com\/eticaret\/demo1\/wp-json\/wp\/v2\/product"}],"about":[{"href":"https:\/\/demolar.nifweb.com\/eticaret\/demo1\/wp-json\/wp\/v2\/types\/product"}],"replies":[{"embeddable":true,"href":"https:\/\/demolar.nifweb.com\/eticaret\/demo1\/wp-json\/wp\/v2\/comments?post=1855"}],"wp:featuredmedia":[{"embeddable":true,"href":"https:\/\/demolar.nifweb.com\/eticaret\/demo1\/wp-json\/wp\/v2\/media\/1860"}],"wp:attachment":[{"href":"https:\/\/demolar.nifweb.com\/eticaret\/demo1\/wp-json\/wp\/v2\/media?parent=1855"}],"wp:term":[{"taxonomy":"product_cat","embeddable":true,"href":"https:\/\/demolar.nifweb.com\/eticaret\/demo1\/wp-json\/wp\/v2\/product_cat?post=1855"},{"taxonomy":"product_tag","embeddable":true,"href":"https:\/\/demolar.nifweb.com\/eticaret\/demo1\/wp-json\/wp\/v2\/product_tag?post=1855"}],"curies":[{"name":"wp","href":"https:\/\/api.w.org\/{rel}","templated":true}]}}