{"id":1851,"date":"2020-08-19T09:04:49","date_gmt":"2020-08-19T09:04:49","guid":{"rendered":"https:\/\/demolar.nifweb.com\/eticaret\/demo1\/?post_type=product&#038;p=1851"},"modified":"2021-07-09T09:01:57","modified_gmt":"2021-07-09T09:01:57","slug":"bayan-gunes-gozlugu","status":"publish","type":"product","link":"https:\/\/demolar.nifweb.com\/eticaret\/demo1\/product\/bayan-gunes-gozlugu\/","title":{"rendered":"Bayan G\u00fcne\u015f G\u00f6zl\u00fc\u011f\u00fc"},"content":{"rendered":"<h1 class=\"product__info__title\"><span class=\"js-product-title js-ellipsize-text\">Bayan G\u00fcne\u015f G\u00f6zl\u00fc\u011f\u00fc Siyah<\/span><\/h1>\n","protected":false},"excerpt":{"rendered":"<div class=\"product__description-text \" data-variantid=\"1502055643\">\n<div class=\"js-clear-inline-styles\">\n<p>Cat Eye K\u00f6\u015feli Bayan G\u00fcne\u015f G\u00f6zl\u00fc\u011f\u00fc Siyah Cam Rengi Siyah \u00c7er\u00e7eve Rengi Siyah \u00c7er\u00e7eve Tipi Kemik Ekartman (Cam \u00d6l\u00e7\u00fcs\u00fc) 52 mm Filtre Tipi UV Filtre<\/p>\n<p>&nbsp;<\/p>\n<p>&nbsp;<\/p>\n<p>&nbsp;<\/p>\n<\/div>\n<\/div>\n<div class=\"product__description-extra \" data-variantid=\"1502055643\"><\/div>\n","protected":false},"featured_media":1827,"menu_order":0,"comment_status":"open","ping_status":"closed","template":"","meta":[],"product_cat":[107,17],"product_tag":[211,206,207],"_links":{"self":[{"href":"https:\/\/demolar.nifweb.com\/eticaret\/demo1\/wp-json\/wp\/v2\/product\/1851"}],"collection":[{"href":"https:\/\/demolar.nifweb.com\/eticaret\/demo1\/wp-json\/wp\/v2\/product"}],"about":[{"href":"https:\/\/demolar.nifweb.com\/eticaret\/demo1\/wp-json\/wp\/v2\/types\/product"}],"replies":[{"embeddable":true,"href":"https:\/\/demolar.nifweb.com\/eticaret\/demo1\/wp-json\/wp\/v2\/comments?post=1851"}],"wp:featuredmedia":[{"embeddable":true,"href":"https:\/\/demolar.nifweb.com\/eticaret\/demo1\/wp-json\/wp\/v2\/media\/1827"}],"wp:attachment":[{"href":"https:\/\/demolar.nifweb.com\/eticaret\/demo1\/wp-json\/wp\/v2\/media?parent=1851"}],"wp:term":[{"taxonomy":"product_cat","embeddable":true,"href":"https:\/\/demolar.nifweb.com\/eticaret\/demo1\/wp-json\/wp\/v2\/product_cat?post=1851"},{"taxonomy":"product_tag","embeddable":true,"href":"https:\/\/demolar.nifweb.com\/eticaret\/demo1\/wp-json\/wp\/v2\/product_tag?post=1851"}],"curies":[{"name":"wp","href":"https:\/\/api.w.org\/{rel}","templated":true}]}}