{"id":1787,"date":"2020-08-19T08:25:56","date_gmt":"2020-08-19T08:25:56","guid":{"rendered":"https:\/\/demolar.nifweb.com\/eticaret\/demo1\/?post_type=product&#038;p=1787"},"modified":"2021-07-09T09:06:37","modified_gmt":"2021-07-09T09:06:37","slug":"erkek-ayakkabi","status":"publish","type":"product","link":"https:\/\/demolar.nifweb.com\/eticaret\/demo1\/product\/erkek-ayakkabi\/","title":{"rendered":"Erkek Ayakkab\u0131"},"content":{"rendered":"<p>Smart casual ayakkab\u0131 modelleri aras\u0131nda bir klasik olan taba deri klasik ayakkab\u0131y\u0131 %100 dana derisinden el yap\u0131m\u0131 olarak \u00fcretilen ayakkab\u0131, zamans\u0131z taba rengi ve spor \u015f\u0131k kombinlere uyum sa\u011flayan brogue stili ile dolab\u0131n\u0131z\u0131n kurtar\u0131c\u0131s\u0131 olmaya aday. Yorgunluk hissini azaltan \u00f6zel taban\u0131, ger\u00e7ek deri kalitesi ve el yap\u0131m\u0131na \u00f6zg\u00fc zarif detaylar\u0131 ile ayr\u0131cal\u0131kl\u0131 giyinen erkekler i\u00e7in \u00fcretildi.<\/p>\n","protected":false},"excerpt":{"rendered":"<p>%100 dana derisinden \u00fcretilen el yap\u0131m\u0131 bu ayakkab\u0131, zamans\u0131z rengi ve zarif el i\u015f\u00e7ili\u011fi detaylar\u0131 ile dingin bir \u015f\u0131kl\u0131k sunar. Hava yast\u0131kl\u0131 taban\u0131 sayesinde uzun s\u00fcre kullan\u0131mlara uygundur ve a\u011fr\u0131 yapmaz. \u00dcr\u00fcn\u00fc kemer ve \u00e7orap koleksiyonundan uygun renk ve desenlerde \u00fcretilmi\u015f kemer ve \u00e7oraplar ile kombinleyebilirsiniz.<\/p>\n","protected":false},"featured_media":1806,"menu_order":0,"comment_status":"open","ping_status":"closed","template":"","meta":[],"product_cat":[134,16,104,125],"product_tag":[221,216,220],"_links":{"self":[{"href":"https:\/\/demolar.nifweb.com\/eticaret\/demo1\/wp-json\/wp\/v2\/product\/1787"}],"collection":[{"href":"https:\/\/demolar.nifweb.com\/eticaret\/demo1\/wp-json\/wp\/v2\/product"}],"about":[{"href":"https:\/\/demolar.nifweb.com\/eticaret\/demo1\/wp-json\/wp\/v2\/types\/product"}],"replies":[{"embeddable":true,"href":"https:\/\/demolar.nifweb.com\/eticaret\/demo1\/wp-json\/wp\/v2\/comments?post=1787"}],"wp:featuredmedia":[{"embeddable":true,"href":"https:\/\/demolar.nifweb.com\/eticaret\/demo1\/wp-json\/wp\/v2\/media\/1806"}],"wp:attachment":[{"href":"https:\/\/demolar.nifweb.com\/eticaret\/demo1\/wp-json\/wp\/v2\/media?parent=1787"}],"wp:term":[{"taxonomy":"product_cat","embeddable":true,"href":"https:\/\/demolar.nifweb.com\/eticaret\/demo1\/wp-json\/wp\/v2\/product_cat?post=1787"},{"taxonomy":"product_tag","embeddable":true,"href":"https:\/\/demolar.nifweb.com\/eticaret\/demo1\/wp-json\/wp\/v2\/product_tag?post=1787"}],"curies":[{"name":"wp","href":"https:\/\/api.w.org\/{rel}","templated":true}]}}