{"id":1648,"date":"2020-05-05T08:01:07","date_gmt":"2020-05-05T08:01:07","guid":{"rendered":"https:\/\/demolar.nifweb.com\/eticaret\/demo1\/?post_type=product&#038;p=1648"},"modified":"2021-07-09T09:08:32","modified_gmt":"2021-07-09T09:08:32","slug":"yumusak-tekli-koltuk","status":"publish","type":"product","link":"https:\/\/demolar.nifweb.com\/eticaret\/demo1\/product\/yumusak-tekli-koltuk\/","title":{"rendered":"Yumu\u015fak Tekli Koltuk"},"content":{"rendered":"<pre>Modern tasar\u0131m\r\nSoft silinebilir kuma\u015f\r\nPaslanmaz metal ayak<\/pre>\n","protected":false},"excerpt":{"rendered":"<pre>Ayaklar gold renkte\r\n\u00fcretilebilmektedir\r\n\u00dcr\u00fcn i\u00e7eri\u011fi bir adet\r\nberjerden olu\u015fmaktad\u0131r\r\n\u00dcr\u00fcn ayak yap\u0131s\u0131\r\npaslanmaz metal malzemedir\r\n\u00dcr\u00fcnde farkl\u0131 renkte kuma\u015f\r\nse\u00e7ene\u011fi bulunmaktad\u0131r\r\nG\u00f6vde yap\u0131s\u0131 a\u011f\u0131rl\u0131\u011f\u0131 t\u00fcm\r\ng\u00f6vdeye payla\u015ft\u0131ran iskelet sistemindedir\r\nA\u015f\u0131nd\u0131rma ve renk a\u011fartma\r\n\u00f6zelli\u011fi olmayan temizleyiciler kullanabilirsiniz\r\nYumu\u015fak bir bez ya da s\u00fcngerle\r\nsilebilir, hal\u0131 y\u0131kama makineleriyle temizleyebilirsiniz\r\nAyn\u0131 zamanda buharl\u0131 makineler\r\nyard\u0131m\u0131 ile de temizleme i\u015flemi ger\u00e7ekle\u015ftirebilirsiniz\r\nG\u00fcrgen a\u011fac\u0131ndan olu\u015fan koltuk\r\niskeletlerinin f\u0131r\u0131nlanm\u0131\u015f olmas\u0131 dayan\u0131kl\u0131l\u0131\u011f\u0131 artt\u0131rm\u0131\u015ft\u0131r\r\nSehpa vb. gibi mod\u00fcller\r\naksesuar \u00fcr\u00fcnleri ek olarak sipari\u015f verilmelidir\r\n\r\n\r\n<\/pre>\n","protected":false},"featured_media":1536,"menu_order":0,"comment_status":"open","ping_status":"closed","template":"","meta":[],"product_cat":[134,79],"product_tag":[228,226,227,225],"_links":{"self":[{"href":"https:\/\/demolar.nifweb.com\/eticaret\/demo1\/wp-json\/wp\/v2\/product\/1648"}],"collection":[{"href":"https:\/\/demolar.nifweb.com\/eticaret\/demo1\/wp-json\/wp\/v2\/product"}],"about":[{"href":"https:\/\/demolar.nifweb.com\/eticaret\/demo1\/wp-json\/wp\/v2\/types\/product"}],"replies":[{"embeddable":true,"href":"https:\/\/demolar.nifweb.com\/eticaret\/demo1\/wp-json\/wp\/v2\/comments?post=1648"}],"wp:featuredmedia":[{"embeddable":true,"href":"https:\/\/demolar.nifweb.com\/eticaret\/demo1\/wp-json\/wp\/v2\/media\/1536"}],"wp:attachment":[{"href":"https:\/\/demolar.nifweb.com\/eticaret\/demo1\/wp-json\/wp\/v2\/media?parent=1648"}],"wp:term":[{"taxonomy":"product_cat","embeddable":true,"href":"https:\/\/demolar.nifweb.com\/eticaret\/demo1\/wp-json\/wp\/v2\/product_cat?post=1648"},{"taxonomy":"product_tag","embeddable":true,"href":"https:\/\/demolar.nifweb.com\/eticaret\/demo1\/wp-json\/wp\/v2\/product_tag?post=1648"}],"curies":[{"name":"wp","href":"https:\/\/api.w.org\/{rel}","templated":true}]}}