{"id":1620,"date":"2020-05-05T07:40:42","date_gmt":"2020-05-05T07:40:42","guid":{"rendered":"https:\/\/demolar.nifweb.com\/eticaret\/demo1\/?post_type=product&#038;p=1620"},"modified":"2021-07-09T09:08:44","modified_gmt":"2021-07-09T09:08:44","slug":"medikal-kit-canta","status":"publish","type":"product","link":"https:\/\/demolar.nifweb.com\/eticaret\/demo1\/product\/medikal-kit-canta\/","title":{"rendered":"Medikal Kit \u00c7anta"},"content":{"rendered":"<p>\u00fcr\u00fcn i\u00e7erisinde t\u00fcm ilk yard\u0131m malzemeleri bulunmaktad\u0131r.<\/p>\n","protected":false},"excerpt":{"rendered":"<p>\u00dcr\u00fcn\u00fcm\u00fcz kendi imalat\u0131m\u0131zd\u0131r.\u0130lk m\u00fcdahalede kullan\u0131lmak i\u00e7in tasarlanm\u0131\u015ft\u0131r.<br \/>\nS\u0131v\u0131 ge\u00e7irmeye ve yanmaya kar\u015f\u0131 dayan\u0131kl\u0131d\u0131r.<br \/>\nSu ge\u00e7irmez fermuar kullan\u0131lm\u0131\u015ft\u0131r. Oksijen t\u00fcp\u00fc, \u00d6nde ve yanda iki adet adet cep k\u0131sm\u0131 mevcuttur.<br \/>\n\u00c7antan\u0131n b\u00f6l\u00fcmleri muhtelif sarf malzemeleri yerle\u015ftirme imkan\u0131 sa\u011flar.<br \/>\n\u00c7anta omuz kemeri yumu\u015fak ve sa\u011flam malzemeden imal edilmi\u015ftir.<br \/>\n\u00c7antan\u0131n \u00e7evresinde, gece g\u00f6r\u00fc\u015f i\u00e7in reflekt\u00f6r \u015ferit kullan\u0131lm\u0131\u015ft\u0131r.<br \/>\nKolda ta\u015f\u0131maya dayan\u0131kl\u0131 kemer mevcuttur ve ayn\u0131 zamanda elde ta\u015f\u0131mak i\u00e7in iki adet el kulpu mevcuttur.<br \/>\n\u00dcr\u00fcn\u00fcm\u00fcz K\u0131rm\u0131z\u0131 Renktir<\/p>\n","protected":false},"featured_media":1621,"menu_order":0,"comment_status":"open","ping_status":"closed","template":"","meta":[],"product_cat":[78,134],"product_tag":[230,229,231],"_links":{"self":[{"href":"https:\/\/demolar.nifweb.com\/eticaret\/demo1\/wp-json\/wp\/v2\/product\/1620"}],"collection":[{"href":"https:\/\/demolar.nifweb.com\/eticaret\/demo1\/wp-json\/wp\/v2\/product"}],"about":[{"href":"https:\/\/demolar.nifweb.com\/eticaret\/demo1\/wp-json\/wp\/v2\/types\/product"}],"replies":[{"embeddable":true,"href":"https:\/\/demolar.nifweb.com\/eticaret\/demo1\/wp-json\/wp\/v2\/comments?post=1620"}],"wp:featuredmedia":[{"embeddable":true,"href":"https:\/\/demolar.nifweb.com\/eticaret\/demo1\/wp-json\/wp\/v2\/media\/1621"}],"wp:attachment":[{"href":"https:\/\/demolar.nifweb.com\/eticaret\/demo1\/wp-json\/wp\/v2\/media?parent=1620"}],"wp:term":[{"taxonomy":"product_cat","embeddable":true,"href":"https:\/\/demolar.nifweb.com\/eticaret\/demo1\/wp-json\/wp\/v2\/product_cat?post=1620"},{"taxonomy":"product_tag","embeddable":true,"href":"https:\/\/demolar.nifweb.com\/eticaret\/demo1\/wp-json\/wp\/v2\/product_tag?post=1620"}],"curies":[{"name":"wp","href":"https:\/\/api.w.org\/{rel}","templated":true}]}}