{"id":1578,"date":"2020-05-05T06:22:34","date_gmt":"2020-05-05T06:22:34","guid":{"rendered":"https:\/\/demolar.nifweb.com\/eticaret\/demo1\/?post_type=product&#038;p=1578"},"modified":"2021-07-09T09:08:56","modified_gmt":"2021-07-09T09:08:56","slug":"su-gecirmez-dagci-cantasi","status":"publish","type":"product","link":"https:\/\/demolar.nifweb.com\/eticaret\/demo1\/product\/su-gecirmez-dagci-cantasi\/","title":{"rendered":"Su Ge\u00e7irmez Da\u011fc\u0131 \u00c7antas\u0131"},"content":{"rendered":"<p>Rimply dummy text of the printing and typesetting industry. Lorem Ipsum has been the industry\u2019s standard dummy text ever since the when an unknown printer took a galley scrambled. Rimply dummy text of the printing and typesetting industry. Lorem Ipsum has been the industry\u2019s standard dummy text ever since the when an unknown printer took a galley scrambled. Rimply dummy text of the printing and typesetting industry. Lorem Ipsum has been the industry\u2019s standard dummy text ever since the when an unknown printer took a galley scrambled. Rimply dummy text of the printing and typesetting industry. Lorem Ipsum has been the industry\u2019s standard dummy text ever since the when an unknown printer took a galley scrambled.<\/p>\n","protected":false},"excerpt":{"rendered":"<h4>\u00dcr\u00fcn \u00d6zellikleri<\/h4>\n<div>\n<div class=\"feaItem\"><span class=\"label\">Kullan\u0131c\u0131<\/span><a class=\"data\" href=\"https:\/\/www.n11.com\/outdoor-ve-kamp\/outdoor-ekipmanlar\/outdoor-canta?klm=Unisex\">Unisex<\/a><\/div>\n<\/div>\n<div>\n<div class=\"feaItem\"><span class=\"label\">Kapasite : <\/span><span class=\"data\">61+ Litre<\/span><\/div>\n<\/div>\n<div>\n<div class=\"feaItem\"><span class=\"label\">Marka\u00a0 : yok<\/span><\/div>\n<\/div>\n","protected":false},"featured_media":1579,"menu_order":0,"comment_status":"open","ping_status":"closed","template":"","meta":[],"product_cat":[22,134,16,17],"product_tag":[234,233,235,232],"_links":{"self":[{"href":"https:\/\/demolar.nifweb.com\/eticaret\/demo1\/wp-json\/wp\/v2\/product\/1578"}],"collection":[{"href":"https:\/\/demolar.nifweb.com\/eticaret\/demo1\/wp-json\/wp\/v2\/product"}],"about":[{"href":"https:\/\/demolar.nifweb.com\/eticaret\/demo1\/wp-json\/wp\/v2\/types\/product"}],"replies":[{"embeddable":true,"href":"https:\/\/demolar.nifweb.com\/eticaret\/demo1\/wp-json\/wp\/v2\/comments?post=1578"}],"wp:featuredmedia":[{"embeddable":true,"href":"https:\/\/demolar.nifweb.com\/eticaret\/demo1\/wp-json\/wp\/v2\/media\/1579"}],"wp:attachment":[{"href":"https:\/\/demolar.nifweb.com\/eticaret\/demo1\/wp-json\/wp\/v2\/media?parent=1578"}],"wp:term":[{"taxonomy":"product_cat","embeddable":true,"href":"https:\/\/demolar.nifweb.com\/eticaret\/demo1\/wp-json\/wp\/v2\/product_cat?post=1578"},{"taxonomy":"product_tag","embeddable":true,"href":"https:\/\/demolar.nifweb.com\/eticaret\/demo1\/wp-json\/wp\/v2\/product_tag?post=1578"}],"curies":[{"name":"wp","href":"https:\/\/api.w.org\/{rel}","templated":true}]}}