{"id":1576,"date":"2020-05-05T06:21:10","date_gmt":"2020-05-05T06:21:10","guid":{"rendered":"https:\/\/demolar.nifweb.com\/eticaret\/demo1\/?post_type=product&#038;p=1576"},"modified":"2021-07-09T09:09:13","modified_gmt":"2021-07-09T09:09:13","slug":"ilk-yardim-cantasi","status":"publish","type":"product","link":"https:\/\/demolar.nifweb.com\/eticaret\/demo1\/product\/ilk-yardim-cantasi\/","title":{"rendered":"\u0130lk Yard\u0131m \u00c7antas\u0131"},"content":{"rendered":"<p>\u00dcr\u00fcn\u00fcm\u00fcz\u00fcn \u0130\u00e7erisinde Her T\u00fcrl\u00fc Medikal \u0130lk Yard\u0131m Malzemesi Bulunmaktad\u0131r.<\/p>\n","protected":false},"excerpt":{"rendered":"<p>Safir Ara\u00e7 I\u00e7in Trafik Y\u00f6netmeli\u011fine Uygun Ilk Yard\u0131m \u00c7antas\u0131 Ilkyard\u0131m<\/p>\n<p>BOYUNLUK 1 adet<\/p>\n<p>ELAST\u0130K BANDAJ 1 adet<\/p>\n<p>ANT\u0130BAKTER\u0130YEL SOL\u00dcSYON 50 CC 1 adet<\/p>\n<p>MAKAS 1 adet<\/p>\n<p>FLASTER 1 adet<\/p>\n<p>\u00c7ENGELL\u0130 \u0130\u011eNE 5&#8217;L\u0130 TAKIM 1 adet<\/p>\n<p>SARGI BEZ\u0130 5 CM 3 adet<\/p>\n<p>SARGI BEZ\u0130 10&#215;350 CM 2 adet<\/p>\n<p>GAZ KOMPRES 10X10 10&#8217;LUK PAKET adet<\/p>\n<p>\u00dc\u00c7GEN SARGI 3 adet<\/p>\n<p>YARA BANDI 10 LU PAKET 1 adet<\/p>\n<p>TIBBI ELD\u0130VEN 2 adet<\/p>\n<p>TURN\u0130KE LAST\u0130\u011e\u0130 1 adet<\/p>\n<p>M\u0130N\u0130 EL FENER\u0130 1 adet<\/p>\n","protected":false},"featured_media":1577,"menu_order":0,"comment_status":"open","ping_status":"closed","template":"","meta":[],"product_cat":[74,78,134,76],"product_tag":[84,230,229,231,85],"_links":{"self":[{"href":"https:\/\/demolar.nifweb.com\/eticaret\/demo1\/wp-json\/wp\/v2\/product\/1576"}],"collection":[{"href":"https:\/\/demolar.nifweb.com\/eticaret\/demo1\/wp-json\/wp\/v2\/product"}],"about":[{"href":"https:\/\/demolar.nifweb.com\/eticaret\/demo1\/wp-json\/wp\/v2\/types\/product"}],"replies":[{"embeddable":true,"href":"https:\/\/demolar.nifweb.com\/eticaret\/demo1\/wp-json\/wp\/v2\/comments?post=1576"}],"wp:featuredmedia":[{"embeddable":true,"href":"https:\/\/demolar.nifweb.com\/eticaret\/demo1\/wp-json\/wp\/v2\/media\/1577"}],"wp:attachment":[{"href":"https:\/\/demolar.nifweb.com\/eticaret\/demo1\/wp-json\/wp\/v2\/media?parent=1576"}],"wp:term":[{"taxonomy":"product_cat","embeddable":true,"href":"https:\/\/demolar.nifweb.com\/eticaret\/demo1\/wp-json\/wp\/v2\/product_cat?post=1576"},{"taxonomy":"product_tag","embeddable":true,"href":"https:\/\/demolar.nifweb.com\/eticaret\/demo1\/wp-json\/wp\/v2\/product_tag?post=1576"}],"curies":[{"name":"wp","href":"https:\/\/api.w.org\/{rel}","templated":true}]}}