{"id":1574,"date":"2020-05-05T06:20:13","date_gmt":"2020-05-05T06:20:13","guid":{"rendered":"https:\/\/demolar.nifweb.com\/eticaret\/demo1\/?post_type=product&#038;p=1574"},"modified":"2021-07-09T09:09:27","modified_gmt":"2021-07-09T09:09:27","slug":"tasinabilir-dijital-kronometre","status":"publish","type":"product","link":"https:\/\/demolar.nifweb.com\/eticaret\/demo1\/product\/tasinabilir-dijital-kronometre\/","title":{"rendered":"Ta\u015f\u0131nabilir Dijital Kronometre"},"content":{"rendered":"<p>dijital ta\u015f\u0131nabilir kronometre<\/p>\n","protected":false},"excerpt":{"rendered":"<ul>\n<li class=\"return-info\">15 g\u00fcn i\u00e7inde \u00fccretsiz iade.<\/li>\n<li>\u00dcr\u00fcn Ismi: Kadio KD-1069 Kronometre Alarm Saat \u00dcr\u00fcn Hakkinda Bilgi: Kronometre Tur Zamani Normal Zaman Saat, Dakika, Saniye G\u00fcn, Tarih, Ay<\/li>\n<li>Bu \u00fcr\u00fcnden en fazla 10 adet sipari\u015f verilebilir. 10 adetin \u00fczerindeki sipari\u015fleri Trendyol iptal etme hakk\u0131n\u0131 sakl\u0131 tutar.<\/li>\n<li>Kampanya fiyat\u0131ndan sat\u0131lmak \u00fczere 5 adetten az stok bulunmaktad\u0131r.<\/li>\n<li>\u0130ncelemi\u015f oldu\u011funuz \u00fcr\u00fcn\u00fcn sat\u0131\u015f fiyat\u0131n\u0131 sat\u0131c\u0131 belirlemektedir.<\/li>\n<li>Bir \u00fcr\u00fcn birden fazla sat\u0131c\u0131 taraf\u0131ndan sat\u0131labilir. \u00dcr\u00fcn liste ve detay sayfalar\u0131nda t\u00fcketici memnuniyeti g\u00f6z \u00f6n\u00fcne al\u0131narak fiyat avantaj\u0131, teslimat h\u0131z\u0131, iade oranlar\u0131 ve genel hizmet kalitesine g\u00f6re belirlenmi\u015f puan\u0131 en y\u00fcksek sat\u0131c\u0131 g\u00f6r\u00fcn\u00fcr sat\u0131c\u0131 olur. Di\u011fer sat\u0131c\u0131lar, \u00fcr\u00fcn detay sayfas\u0131nda alternatif olarak listelenirler<\/li>\n<\/ul>\n","protected":false},"featured_media":1575,"menu_order":0,"comment_status":"open","ping_status":"closed","template":"","meta":[],"product_cat":[18,24],"product_tag":[86,236,238,237],"_links":{"self":[{"href":"https:\/\/demolar.nifweb.com\/eticaret\/demo1\/wp-json\/wp\/v2\/product\/1574"}],"collection":[{"href":"https:\/\/demolar.nifweb.com\/eticaret\/demo1\/wp-json\/wp\/v2\/product"}],"about":[{"href":"https:\/\/demolar.nifweb.com\/eticaret\/demo1\/wp-json\/wp\/v2\/types\/product"}],"replies":[{"embeddable":true,"href":"https:\/\/demolar.nifweb.com\/eticaret\/demo1\/wp-json\/wp\/v2\/comments?post=1574"}],"wp:featuredmedia":[{"embeddable":true,"href":"https:\/\/demolar.nifweb.com\/eticaret\/demo1\/wp-json\/wp\/v2\/media\/1575"}],"wp:attachment":[{"href":"https:\/\/demolar.nifweb.com\/eticaret\/demo1\/wp-json\/wp\/v2\/media?parent=1574"}],"wp:term":[{"taxonomy":"product_cat","embeddable":true,"href":"https:\/\/demolar.nifweb.com\/eticaret\/demo1\/wp-json\/wp\/v2\/product_cat?post=1574"},{"taxonomy":"product_tag","embeddable":true,"href":"https:\/\/demolar.nifweb.com\/eticaret\/demo1\/wp-json\/wp\/v2\/product_tag?post=1574"}],"curies":[{"name":"wp","href":"https:\/\/api.w.org\/{rel}","templated":true}]}}