{"id":1567,"date":"2020-05-05T06:14:54","date_gmt":"2020-05-05T06:14:54","guid":{"rendered":"https:\/\/demolar.nifweb.com\/eticaret\/demo1\/?post_type=product&#038;p=1567"},"modified":"2021-07-09T09:14:00","modified_gmt":"2021-07-09T09:14:00","slug":"medikal-bandaj","status":"publish","type":"product","link":"https:\/\/demolar.nifweb.com\/eticaret\/demo1\/product\/medikal-bandaj\/","title":{"rendered":"Medikal Bandaj"},"content":{"rendered":"<p>ELAST\u0130K BANDAJ 10 cm x 2 m &#8211; EL SARGI BANDAJI -KOL BANDAJI &#8211; AYAK BANDAJI<\/p>\n","protected":false},"excerpt":{"rendered":"<p><em><strong>406 Elastik Bandaj 10 cm x 2 m<\/strong><\/em><\/p>\n<p><em><strong>KOL, B\u0130LEK, AYAK VE D\u0130\u011eER.<\/strong><\/em><\/p>\n<p><em><strong>ELASTIK EL BANDAJI<\/strong><\/em><\/p>\n<p>&nbsp;<\/p>\n<p><em><strong>ILIK SUDA YIKAYIP TEKRAR KULLANAB\u0130L\u0130RS\u0130N\u0130Z<\/strong><\/em><\/p>\n","protected":false},"featured_media":1566,"menu_order":0,"comment_status":"open","ping_status":"closed","template":"","meta":[],"product_cat":[78,76],"product_tag":[247,248,229,249],"_links":{"self":[{"href":"https:\/\/demolar.nifweb.com\/eticaret\/demo1\/wp-json\/wp\/v2\/product\/1567"}],"collection":[{"href":"https:\/\/demolar.nifweb.com\/eticaret\/demo1\/wp-json\/wp\/v2\/product"}],"about":[{"href":"https:\/\/demolar.nifweb.com\/eticaret\/demo1\/wp-json\/wp\/v2\/types\/product"}],"replies":[{"embeddable":true,"href":"https:\/\/demolar.nifweb.com\/eticaret\/demo1\/wp-json\/wp\/v2\/comments?post=1567"}],"wp:featuredmedia":[{"embeddable":true,"href":"https:\/\/demolar.nifweb.com\/eticaret\/demo1\/wp-json\/wp\/v2\/media\/1566"}],"wp:attachment":[{"href":"https:\/\/demolar.nifweb.com\/eticaret\/demo1\/wp-json\/wp\/v2\/media?parent=1567"}],"wp:term":[{"taxonomy":"product_cat","embeddable":true,"href":"https:\/\/demolar.nifweb.com\/eticaret\/demo1\/wp-json\/wp\/v2\/product_cat?post=1567"},{"taxonomy":"product_tag","embeddable":true,"href":"https:\/\/demolar.nifweb.com\/eticaret\/demo1\/wp-json\/wp\/v2\/product_tag?post=1567"}],"curies":[{"name":"wp","href":"https:\/\/api.w.org\/{rel}","templated":true}]}}