{"id":1564,"date":"2020-05-05T06:11:22","date_gmt":"2020-05-05T06:11:22","guid":{"rendered":"https:\/\/demolar.nifweb.com\/eticaret\/demo1\/?post_type=product&#038;p=1564"},"modified":"2021-07-09T09:14:19","modified_gmt":"2021-07-09T09:14:19","slug":"kan-sekeri-olcu-aleti","status":"publish","type":"product","link":"https:\/\/demolar.nifweb.com\/eticaret\/demo1\/product\/kan-sekeri-olcu-aleti\/","title":{"rendered":"Kan \u015eekeri \u00d6l\u00e7\u00fc Aleti"},"content":{"rendered":"<h1 class=\"proName\">Seker \u00d6l\u00e7\u00fcm Cihaz\u0131+100 Strip(SKT:02\/2023)+100 Lanset<\/h1>\n","protected":false},"excerpt":{"rendered":"<section class=\"tabPanelItem details\">\n<div>\n<p><span style=\"color: #ff0000\"><b>C\u0130HAZ SON KULLANMA TAR\u0130H\u0130 : 12\/2024<\/b><\/span><\/p>\n<p><span style=\"color: #ff0000\"><b>STR\u0130P SON KULLANMA TAR\u0130H\u0130 : 02\/2023<\/b><\/span><\/p>\n<p><span style=\"color: #ff0000\"><b>LANSETLER\u0130N B\u0130R SON KULLANIM TAR\u0130H\u0130 BULUNMAMAKTADIR<\/b><\/span><\/p>\n<p><span style=\"color: #ff0000\"><b>\u00a0<\/b>\u00a0<b>\u00a0<\/b><\/span><\/p>\n<p><span style=\"color: #ff0000\"><b><span style=\"font-size: large\">\u00dcR\u00dcNLER\u0130M\u0130Z\u0130N TAMAMI ADINIZA FATURALI OLARAK TESL\u0130M ED\u0130L\u0130R<\/span><\/b><\/span><\/p>\n<p><b>\u00a0<\/b><\/p>\n<p>&nbsp;<\/p>\n<p>&nbsp;<\/p>\n<p>&nbsp;<\/p>\n<p><strong>\u00a0 \u00a0 \u00a0 \u00a0\u00a0<span style=\"color: #ff0000;font-size: large\">C\u0130HAZ \u00d6ZELL\u0130KLER\u0130<\/span><\/strong><\/p>\n<ul>\n<li><\/li>\n<li><strong>\u00a0Kodlama gerektirmez.<\/strong><\/li>\n<li><strong>\u00a06 saniyede sonucu ekranda g\u00f6sterir.<\/strong><\/li>\n<li><strong>\u00a0Minimum kan \u00f6rne\u011fi ile \u00e7al\u0131\u015f\u0131r.<\/strong><\/li>\n<li><strong>\u00a0Haf\u0131zada saat ve tarihi ile 120 \u00f6l\u00e7\u00fcm sonucu g\u00f6sterir.<\/strong><\/li>\n<li><strong>\u00a07\/14\/28 g\u00fcnl\u00fck ortalama kan sekeri \u00f6l\u00e7\u00fcm\u00fcn\u00fc g\u00f6sterir.<\/strong><\/li>\n<\/ul>\n<p>&nbsp;<\/p>\n<p><span style=\"color: #ff0000;font-size: large\"><strong>\u00a0 \u00a0 \u00a0C\u0130HAZ<\/strong>\u00a0\u00a0\u00a0<strong>KUTU \u0130\u00c7ER\u0130\u011e\u0130<\/strong><\/span><\/p>\n<p>&nbsp;<\/p>\n<ul>\n<li><strong>Kan sekeri \u00f6lc\u00fcm cihaz\u0131 (pil ile birlikte)<\/strong><\/li>\n<li><strong>Delme kalemi<\/strong><\/li>\n<li><strong>10 adet lanset<\/strong><\/li>\n<li><strong>Ta\u015f\u0131ma \u00e7antas\u0131<\/strong><\/li>\n<li><strong>Kullan\u0131m k\u0131lavuzu<\/strong><\/li>\n<\/ul>\n<p>&nbsp;<\/p>\n<p><strong>NOT: Bu \u00fcr\u00fcn paket halinde sat\u0131lmaktad\u0131r. Bir kutu cihaz , iki kutu strip ve bir kutu (100 adet) lanset fiyat\u0131d\u0131r.<\/strong><\/p>\n<\/div>\n<\/section>\n","protected":false},"featured_media":1565,"menu_order":0,"comment_status":"open","ping_status":"closed","template":"","meta":[],"product_cat":[78,76,75],"product_tag":[250,251,252],"_links":{"self":[{"href":"https:\/\/demolar.nifweb.com\/eticaret\/demo1\/wp-json\/wp\/v2\/product\/1564"}],"collection":[{"href":"https:\/\/demolar.nifweb.com\/eticaret\/demo1\/wp-json\/wp\/v2\/product"}],"about":[{"href":"https:\/\/demolar.nifweb.com\/eticaret\/demo1\/wp-json\/wp\/v2\/types\/product"}],"replies":[{"embeddable":true,"href":"https:\/\/demolar.nifweb.com\/eticaret\/demo1\/wp-json\/wp\/v2\/comments?post=1564"}],"wp:featuredmedia":[{"embeddable":true,"href":"https:\/\/demolar.nifweb.com\/eticaret\/demo1\/wp-json\/wp\/v2\/media\/1565"}],"wp:attachment":[{"href":"https:\/\/demolar.nifweb.com\/eticaret\/demo1\/wp-json\/wp\/v2\/media?parent=1564"}],"wp:term":[{"taxonomy":"product_cat","embeddable":true,"href":"https:\/\/demolar.nifweb.com\/eticaret\/demo1\/wp-json\/wp\/v2\/product_cat?post=1564"},{"taxonomy":"product_tag","embeddable":true,"href":"https:\/\/demolar.nifweb.com\/eticaret\/demo1\/wp-json\/wp\/v2\/product_tag?post=1564"}],"curies":[{"name":"wp","href":"https:\/\/api.w.org\/{rel}","templated":true}]}}