{"id":1561,"date":"2020-05-05T06:09:57","date_gmt":"2020-05-05T06:09:57","guid":{"rendered":"https:\/\/demolar.nifweb.com\/eticaret\/demo1\/?post_type=product&#038;p=1561"},"modified":"2021-07-09T09:17:26","modified_gmt":"2021-07-09T09:17:26","slug":"tibbi-gozluk","status":"publish","type":"product","link":"https:\/\/demolar.nifweb.com\/eticaret\/demo1\/product\/tibbi-gozluk\/","title":{"rendered":"T\u0131bbi G\u00f6zl\u00fck"},"content":{"rendered":"<h3 class=\"fw-700 title\">Standart T\u0131bbi G\u00f6zl\u00fck<\/h3>\n","protected":false},"excerpt":{"rendered":"<p>Ayarlanabilir g\u00f6vdesi ile\u00a0<strong>Baymax S400,<\/strong>\u00a0profesyonellerin en \u00e7ok tercih etti\u011fi modeldir. Sportif g\u00f6r\u00fcn\u00fcml\u00fc \u015f\u0131k tasar\u0131m\u0131yla, performans ve stilin m\u00fckemmel birle\u015fimidir.<\/p>\n<p>Termal \u00a0ve kimyasal riskler de dahil olmak \u00fczere, \u00e7ok \u00e7e\u015fitli risk fakt\u00f6rlerine kar\u015f\u0131 koruma sa\u011flarlar.<\/p>\n<p>\u00dcretmi\u015f oldu\u011fumuz t\u00fcm \u00fcr\u00fcnler EN standartlar\u0131na g\u00f6re test edilmi\u015ftir. \u0130ncelemekte oldu\u011funuz \u00fcr\u00fcn\u00fcn EN standartlar\u0131 a\u015fa\u011f\u0131daki gibidir.<\/p>\n","protected":false},"featured_media":1562,"menu_order":0,"comment_status":"open","ping_status":"closed","template":"","meta":[],"product_cat":[239,76,75],"product_tag":[84,253,254,85],"_links":{"self":[{"href":"https:\/\/demolar.nifweb.com\/eticaret\/demo1\/wp-json\/wp\/v2\/product\/1561"}],"collection":[{"href":"https:\/\/demolar.nifweb.com\/eticaret\/demo1\/wp-json\/wp\/v2\/product"}],"about":[{"href":"https:\/\/demolar.nifweb.com\/eticaret\/demo1\/wp-json\/wp\/v2\/types\/product"}],"replies":[{"embeddable":true,"href":"https:\/\/demolar.nifweb.com\/eticaret\/demo1\/wp-json\/wp\/v2\/comments?post=1561"}],"wp:featuredmedia":[{"embeddable":true,"href":"https:\/\/demolar.nifweb.com\/eticaret\/demo1\/wp-json\/wp\/v2\/media\/1562"}],"wp:attachment":[{"href":"https:\/\/demolar.nifweb.com\/eticaret\/demo1\/wp-json\/wp\/v2\/media?parent=1561"}],"wp:term":[{"taxonomy":"product_cat","embeddable":true,"href":"https:\/\/demolar.nifweb.com\/eticaret\/demo1\/wp-json\/wp\/v2\/product_cat?post=1561"},{"taxonomy":"product_tag","embeddable":true,"href":"https:\/\/demolar.nifweb.com\/eticaret\/demo1\/wp-json\/wp\/v2\/product_tag?post=1561"}],"curies":[{"name":"wp","href":"https:\/\/api.w.org\/{rel}","templated":true}]}}