{"id":1557,"date":"2020-05-05T05:51:51","date_gmt":"2020-05-05T05:51:51","guid":{"rendered":"https:\/\/demolar.nifweb.com\/eticaret\/demo1\/?post_type=product&#038;p=1557"},"modified":"2021-07-09T09:15:18","modified_gmt":"2021-07-09T09:15:18","slug":"medikal-lateks-eldiven","status":"publish","type":"product","link":"https:\/\/demolar.nifweb.com\/eticaret\/demo1\/product\/medikal-lateks-eldiven\/","title":{"rendered":"Medikal Lateks Eldiven"},"content":{"rendered":"<h1>Muayene Lateks Eldivenler<\/h1>\n","protected":false},"excerpt":{"rendered":"<p>Daha \u00e7ok kliniklerde, hastanelerde ve muayene alanlar\u0131nda sa\u011fl\u0131kl\u0131 uygulamalar\u0131n yap\u0131labilmesi bak\u0131m\u0131ndan tercih edilerek tek kullan\u0131ml\u0131k \u00fcr\u00fcnler tercih edilmektedir. Bu tercihler ise her daim olarak ihtiya\u00e7 duyulaca\u011f\u0131ndan \u00f6t\u00fcr\u00fc toplu \u015fekillerde al\u0131nmas\u0131 gerekti\u011fini g\u00f6stermektedir. \u00d6zellikle sa\u011fl\u0131k sekt\u00f6r\u00fcn\u00fcn reva\u00e7ta olmas\u0131 ile ba\u015flayan taleplerin doktorlar taraf\u0131ndan daha kaliteli bir \u015fekilde yap\u0131labilmesi i\u00e7in her hastaya \u00f6zel olarak tek kullan\u0131ml\u0131k muayene lateks eldivenler tercih edilmektedir diyerek olu\u015fabilecek durumlar\u0131n \u00f6n\u00fcne ge\u00e7mek gerekti\u011fini vurgulayabiliriz.<\/p>\n<p>S\u00f6z konusu olan b\u00f6l\u00fcmler her ne olursa olsun\u00a0<a href=\"https:\/\/www.ambalajstore.com\/ELDIVENLER,LA_228-2.html#labels=271-2\">muayene eldiveni<\/a>\u00a0mutlaka doktor odas\u0131nda ba\u015fk\u00f6\u015fede bulunmas\u0131 gereken bir par\u00e7a olmaktad\u0131r. Hem doktor a\u00e7\u0131s\u0131ndan, hem de hasta a\u00e7\u0131s\u0131ndan iki farl\u0131 \u015fekilde \u00f6nem kazanmaktad\u0131r. Doktorun direk yaraya temas etmesini \u00f6nleyerek, hastan\u0131n ise farkl\u0131 hastal\u0131klara bula\u015fmamas\u0131 veya yaras\u0131n\u0131n mikrop kapmas\u0131n\u0131 \u00f6nlemek maksatl\u0131 olarak \u00f6nerilebilir.<\/p>\n<p>Sizler i\u00e7in haz\u0131rlam\u0131\u015f oldu\u011fumuz sat\u0131\u015f sitemize giri\u015f sa\u011flayarak ihtiyac\u0131n\u0131z olan \u00fcr\u00fcnlere ula\u015fma imkan\u0131 sa\u011flayabilirsiniz. Dilerseniz S beden, dilerseniz M beden ve dilerseniz de L beden Eldivenler sat\u0131n alarak kullan\u0131m ger\u00e7ekle\u015ftirebilirsiniz. Hi\u00e7bir yerde bulamayaca\u011f\u0131n\u0131z uygun rakam fiyatlar\u0131 kar\u015f\u0131s\u0131nda \u00fccretsiz kargo hizmetlerinden de yararlanabileceksiniz. Pudral\u0131 olarak \u00fcretilen bu \u00f6zel eldivenler 1 koli olarak haz\u0131rlanmakta her kolide 20 paket bulunmakta ve paketlerde de 100 adet eldiven mevcut olmaktad\u0131r. Yani tam anlam\u0131 ile sahip olaca\u011f\u0131n\u0131z eldivenlerin adetleri 2000 adet olmaktad\u0131r. Son derece karl\u0131 ve son derece g\u00fcvenilir diyerek sizlere kaliteli al\u0131\u015fveri\u015fin kap\u0131lar\u0131n\u0131 aralamaktay\u0131z.<\/p>\n","protected":false},"featured_media":1558,"menu_order":0,"comment_status":"open","ping_status":"closed","template":"","meta":[],"product_cat":[74,78,76,75],"product_tag":[84,258,257,229,85],"_links":{"self":[{"href":"https:\/\/demolar.nifweb.com\/eticaret\/demo1\/wp-json\/wp\/v2\/product\/1557"}],"collection":[{"href":"https:\/\/demolar.nifweb.com\/eticaret\/demo1\/wp-json\/wp\/v2\/product"}],"about":[{"href":"https:\/\/demolar.nifweb.com\/eticaret\/demo1\/wp-json\/wp\/v2\/types\/product"}],"replies":[{"embeddable":true,"href":"https:\/\/demolar.nifweb.com\/eticaret\/demo1\/wp-json\/wp\/v2\/comments?post=1557"}],"wp:featuredmedia":[{"embeddable":true,"href":"https:\/\/demolar.nifweb.com\/eticaret\/demo1\/wp-json\/wp\/v2\/media\/1558"}],"wp:attachment":[{"href":"https:\/\/demolar.nifweb.com\/eticaret\/demo1\/wp-json\/wp\/v2\/media?parent=1557"}],"wp:term":[{"taxonomy":"product_cat","embeddable":true,"href":"https:\/\/demolar.nifweb.com\/eticaret\/demo1\/wp-json\/wp\/v2\/product_cat?post=1557"},{"taxonomy":"product_tag","embeddable":true,"href":"https:\/\/demolar.nifweb.com\/eticaret\/demo1\/wp-json\/wp\/v2\/product_tag?post=1557"}],"curies":[{"name":"wp","href":"https:\/\/api.w.org\/{rel}","templated":true}]}}