{"id":1552,"date":"2020-05-05T05:39:59","date_gmt":"2020-05-05T05:39:59","guid":{"rendered":"https:\/\/demolar.nifweb.com\/eticaret\/demo1\/?post_type=product&#038;p=1552"},"modified":"2021-07-09T09:16:05","modified_gmt":"2021-07-09T09:16:05","slug":"steteskop","status":"publish","type":"product","link":"https:\/\/demolar.nifweb.com\/eticaret\/demo1\/product\/steteskop\/","title":{"rendered":"Steteskop"},"content":{"rendered":"<h1 class=\"proName\">\u00c7ift Tarafl\u0131 Klasik Stetoskop-Steteskop-Littmann Muadil-Paslanmaz<\/h1>\n","protected":false},"excerpt":{"rendered":"<p><strong><span style=\"font-size: x-large\">Paslanmaz \u00c7elik Kulak Par\u00e7as\u0131<\/span><\/strong><\/p>\n<p><strong><span style=\"font-size: x-large\">Paslanmaz \u00c7elik \u00c7ift Tarafl\u0131 Tambur<\/span><\/strong><\/p>\n<p><strong><span style=\"font-size: x-large\">Plastik G\u00f6vdeyle Ayn\u0131 Renkte Diyafram Tutucu<\/span><\/strong><\/p>\n<p><strong><span style=\"font-size: x-large\">PVC kapl\u0131 S\u00fcperflesibl \u0130\u00e7 Yay<\/span><\/strong><\/p>\n<p><strong><span style=\"font-size: x-large\">Y\u00fcksek Akustik Diyafram<\/span><\/strong><\/p>\n<p><strong><span style=\"font-size: x-large\">Yumu\u015fak Kulak Zeytinleri<\/span><\/strong><\/p>\n<p><strong><span style=\"font-size: x-large\">\u00dcst\u00fcn Kalite<\/span><\/strong><\/p>\n<p><strong><span style=\"font-size: x-large\">Uzun \u00d6m\u00fcrl\u00fc<\/span><\/strong><\/p>\n<p><strong><span style=\"font-size: x-large\">Temiz Sesler<\/span><\/strong><\/p>\n<p><strong><span style=\"font-size: x-large\">4 Adet Yumu\u015fak Diyafram ve Kulakl\u0131k Yedekli<\/span><\/strong><\/p>\n","protected":false},"featured_media":1553,"menu_order":0,"comment_status":"open","ping_status":"closed","template":"","meta":[],"product_cat":[78,76,75],"product_tag":[84,260,261,256,85],"_links":{"self":[{"href":"https:\/\/demolar.nifweb.com\/eticaret\/demo1\/wp-json\/wp\/v2\/product\/1552"}],"collection":[{"href":"https:\/\/demolar.nifweb.com\/eticaret\/demo1\/wp-json\/wp\/v2\/product"}],"about":[{"href":"https:\/\/demolar.nifweb.com\/eticaret\/demo1\/wp-json\/wp\/v2\/types\/product"}],"replies":[{"embeddable":true,"href":"https:\/\/demolar.nifweb.com\/eticaret\/demo1\/wp-json\/wp\/v2\/comments?post=1552"}],"wp:featuredmedia":[{"embeddable":true,"href":"https:\/\/demolar.nifweb.com\/eticaret\/demo1\/wp-json\/wp\/v2\/media\/1553"}],"wp:attachment":[{"href":"https:\/\/demolar.nifweb.com\/eticaret\/demo1\/wp-json\/wp\/v2\/media?parent=1552"}],"wp:term":[{"taxonomy":"product_cat","embeddable":true,"href":"https:\/\/demolar.nifweb.com\/eticaret\/demo1\/wp-json\/wp\/v2\/product_cat?post=1552"},{"taxonomy":"product_tag","embeddable":true,"href":"https:\/\/demolar.nifweb.com\/eticaret\/demo1\/wp-json\/wp\/v2\/product_tag?post=1552"}],"curies":[{"name":"wp","href":"https:\/\/api.w.org\/{rel}","templated":true}]}}