{"id":1550,"date":"2020-05-05T05:37:10","date_gmt":"2020-05-05T05:37:10","guid":{"rendered":"https:\/\/demolar.nifweb.com\/eticaret\/demo1\/?post_type=product&#038;p=1550"},"modified":"2021-07-09T09:16:26","modified_gmt":"2021-07-09T09:16:26","slug":"ahsap-avize","status":"publish","type":"product","link":"https:\/\/demolar.nifweb.com\/eticaret\/demo1\/product\/ahsap-avize\/","title":{"rendered":"Ah\u015fap Avize"},"content":{"rendered":"<p>Ah\u015fap Avize TKLBALKABAGI1<\/p>\n","protected":false},"excerpt":{"rendered":"<ul>\n<li>Bu \u00fcr\u00fcn\u00a0<span class=\"pr-in-dt-spn\">E.GWOODS<\/span>\u00a0taraf\u0131ndan g\u00f6nderilecektir.<\/li>\n<li>3 mm mdf lazer cnc kesim<\/li>\n<li>\u00c7\u0130FT TARAFLI KAPLAMADIR<\/li>\n<li>Duy fiyata dahildir<\/li>\n<li>Demonte olarak g\u00f6nderilecektir. Kurulumu kolayd\u0131r.<\/li>\n<li>15X28 \u00f6l\u00e7\u00fclerindedir<\/li>\n<li>Bu \u00fcr\u00fcnden en fazla 10 adet sipari\u015f verilebilir. 10 adetin \u00fczerindeki sipari\u015fleri Trendyol iptal etme hakk\u0131n\u0131 sakl\u0131 tutar.<\/li>\n<li>Kampanya fiyat\u0131ndan sat\u0131lmak \u00fczere 50 adetten fazla stok sunulmu\u015ftur.<\/li>\n<li>\u0130ncelemi\u015f oldu\u011funuz \u00fcr\u00fcn\u00fcn sat\u0131\u015f fiyat\u0131n\u0131 sat\u0131c\u0131 belirlemektedir.<\/li>\n<\/ul>\n","protected":false},"featured_media":1551,"menu_order":0,"comment_status":"open","ping_status":"closed","template":"","meta":[],"product_cat":[134,77],"product_tag":[262,263,264],"_links":{"self":[{"href":"https:\/\/demolar.nifweb.com\/eticaret\/demo1\/wp-json\/wp\/v2\/product\/1550"}],"collection":[{"href":"https:\/\/demolar.nifweb.com\/eticaret\/demo1\/wp-json\/wp\/v2\/product"}],"about":[{"href":"https:\/\/demolar.nifweb.com\/eticaret\/demo1\/wp-json\/wp\/v2\/types\/product"}],"replies":[{"embeddable":true,"href":"https:\/\/demolar.nifweb.com\/eticaret\/demo1\/wp-json\/wp\/v2\/comments?post=1550"}],"wp:featuredmedia":[{"embeddable":true,"href":"https:\/\/demolar.nifweb.com\/eticaret\/demo1\/wp-json\/wp\/v2\/media\/1551"}],"wp:attachment":[{"href":"https:\/\/demolar.nifweb.com\/eticaret\/demo1\/wp-json\/wp\/v2\/media?parent=1550"}],"wp:term":[{"taxonomy":"product_cat","embeddable":true,"href":"https:\/\/demolar.nifweb.com\/eticaret\/demo1\/wp-json\/wp\/v2\/product_cat?post=1550"},{"taxonomy":"product_tag","embeddable":true,"href":"https:\/\/demolar.nifweb.com\/eticaret\/demo1\/wp-json\/wp\/v2\/product_tag?post=1550"}],"curies":[{"name":"wp","href":"https:\/\/api.w.org\/{rel}","templated":true}]}}