{"id":1546,"date":"2020-05-05T05:00:08","date_gmt":"2020-05-05T05:00:08","guid":{"rendered":"https:\/\/demolar.nifweb.com\/eticaret\/demo1\/?post_type=product&#038;p=1546"},"modified":"2021-07-09T09:22:38","modified_gmt":"2021-07-09T09:22:38","slug":"fokus-lambasi","status":"publish","type":"product","link":"https:\/\/demolar.nifweb.com\/eticaret\/demo1\/product\/fokus-lambasi\/","title":{"rendered":"Fokus Lambas\u0131"},"content":{"rendered":"<p>spot \u0131\u015f\u0131\u011f\u0131 olarak kullanabilirsiniz.<\/p>\n","protected":false},"excerpt":{"rendered":"<p>ayakl\u0131 katlanabilir bu \u0131\u015f\u0131k isterseniz spot \u0131\u015f\u0131\u011f\u0131 olarak bile kullanabilirsiniz.<\/p>\n","protected":false},"featured_media":1547,"menu_order":0,"comment_status":"open","ping_status":"closed","template":"","meta":[],"product_cat":[77],"product_tag":[82,83],"_links":{"self":[{"href":"https:\/\/demolar.nifweb.com\/eticaret\/demo1\/wp-json\/wp\/v2\/product\/1546"}],"collection":[{"href":"https:\/\/demolar.nifweb.com\/eticaret\/demo1\/wp-json\/wp\/v2\/product"}],"about":[{"href":"https:\/\/demolar.nifweb.com\/eticaret\/demo1\/wp-json\/wp\/v2\/types\/product"}],"replies":[{"embeddable":true,"href":"https:\/\/demolar.nifweb.com\/eticaret\/demo1\/wp-json\/wp\/v2\/comments?post=1546"}],"wp:featuredmedia":[{"embeddable":true,"href":"https:\/\/demolar.nifweb.com\/eticaret\/demo1\/wp-json\/wp\/v2\/media\/1547"}],"wp:attachment":[{"href":"https:\/\/demolar.nifweb.com\/eticaret\/demo1\/wp-json\/wp\/v2\/media?parent=1546"}],"wp:term":[{"taxonomy":"product_cat","embeddable":true,"href":"https:\/\/demolar.nifweb.com\/eticaret\/demo1\/wp-json\/wp\/v2\/product_cat?post=1546"},{"taxonomy":"product_tag","embeddable":true,"href":"https:\/\/demolar.nifweb.com\/eticaret\/demo1\/wp-json\/wp\/v2\/product_tag?post=1546"}],"curies":[{"name":"wp","href":"https:\/\/api.w.org\/{rel}","templated":true}]}}