{"id":1544,"date":"2020-05-05T04:58:45","date_gmt":"2020-05-05T04:58:45","guid":{"rendered":"https:\/\/demolar.nifweb.com\/eticaret\/demo1\/?post_type=product&#038;p=1544"},"modified":"2021-07-09T09:22:24","modified_gmt":"2021-07-09T09:22:24","slug":"modern-tv-sehpasi","status":"publish","type":"product","link":"https:\/\/demolar.nifweb.com\/eticaret\/demo1\/product\/modern-tv-sehpasi\/","title":{"rendered":"Modern TV Sehpas\u0131"},"content":{"rendered":"<h1 class=\"product-meta__title heading h1\">Tv Duvar \u00dcnitesi Ah\u015fap Ayakl\u0131 Tv Sehpas\u0131 Ceviz<\/h1>\n","protected":false},"excerpt":{"rendered":"<p><strong>\u200bPaket \u0130\u00e7eri\u011fi:<\/strong><\/p>\n<div>1 Adet Tv \u00dcnitesi<\/div>\n<div>Kolay Kurulum \u015eablonu ve Ba\u011flant\u0131 Aksesuarlar\u0131<\/div>\n","protected":false},"featured_media":1545,"menu_order":0,"comment_status":"open","ping_status":"closed","template":"","meta":[],"product_cat":[77],"product_tag":[268,269],"_links":{"self":[{"href":"https:\/\/demolar.nifweb.com\/eticaret\/demo1\/wp-json\/wp\/v2\/product\/1544"}],"collection":[{"href":"https:\/\/demolar.nifweb.com\/eticaret\/demo1\/wp-json\/wp\/v2\/product"}],"about":[{"href":"https:\/\/demolar.nifweb.com\/eticaret\/demo1\/wp-json\/wp\/v2\/types\/product"}],"replies":[{"embeddable":true,"href":"https:\/\/demolar.nifweb.com\/eticaret\/demo1\/wp-json\/wp\/v2\/comments?post=1544"}],"wp:featuredmedia":[{"embeddable":true,"href":"https:\/\/demolar.nifweb.com\/eticaret\/demo1\/wp-json\/wp\/v2\/media\/1545"}],"wp:attachment":[{"href":"https:\/\/demolar.nifweb.com\/eticaret\/demo1\/wp-json\/wp\/v2\/media?parent=1544"}],"wp:term":[{"taxonomy":"product_cat","embeddable":true,"href":"https:\/\/demolar.nifweb.com\/eticaret\/demo1\/wp-json\/wp\/v2\/product_cat?post=1544"},{"taxonomy":"product_tag","embeddable":true,"href":"https:\/\/demolar.nifweb.com\/eticaret\/demo1\/wp-json\/wp\/v2\/product_tag?post=1544"}],"curies":[{"name":"wp","href":"https:\/\/api.w.org\/{rel}","templated":true}]}}