{"id":1531,"date":"2020-05-04T11:20:48","date_gmt":"2020-05-04T11:20:48","guid":{"rendered":"https:\/\/demolar.nifweb.com\/eticaret\/demo1\/?post_type=product&#038;p=1531"},"modified":"2021-07-09T09:24:28","modified_gmt":"2021-07-09T09:24:28","slug":"ince-bacakli-tekli-koltuk","status":"publish","type":"product","link":"https:\/\/demolar.nifweb.com\/eticaret\/demo1\/product\/ince-bacakli-tekli-koltuk\/","title":{"rendered":"\u0130nce Bacakl\u0131 Tekli Koltuk"},"content":{"rendered":"<p>ince bacakl\u0131 tekli koltu\u011fu sat\u0131n alarak salonunuza farkl\u0131 bir hava katabilirsiniz.<\/p>\n","protected":false},"excerpt":{"rendered":"<p>krem rengi ah\u015fap bacakl\u0131 soft tekli koltuk.<\/p>\n","protected":false},"featured_media":1649,"menu_order":0,"comment_status":"open","ping_status":"closed","template":"","meta":[],"product_cat":[79,77],"product_tag":[262,272],"_links":{"self":[{"href":"https:\/\/demolar.nifweb.com\/eticaret\/demo1\/wp-json\/wp\/v2\/product\/1531"}],"collection":[{"href":"https:\/\/demolar.nifweb.com\/eticaret\/demo1\/wp-json\/wp\/v2\/product"}],"about":[{"href":"https:\/\/demolar.nifweb.com\/eticaret\/demo1\/wp-json\/wp\/v2\/types\/product"}],"replies":[{"embeddable":true,"href":"https:\/\/demolar.nifweb.com\/eticaret\/demo1\/wp-json\/wp\/v2\/comments?post=1531"}],"wp:featuredmedia":[{"embeddable":true,"href":"https:\/\/demolar.nifweb.com\/eticaret\/demo1\/wp-json\/wp\/v2\/media\/1649"}],"wp:attachment":[{"href":"https:\/\/demolar.nifweb.com\/eticaret\/demo1\/wp-json\/wp\/v2\/media?parent=1531"}],"wp:term":[{"taxonomy":"product_cat","embeddable":true,"href":"https:\/\/demolar.nifweb.com\/eticaret\/demo1\/wp-json\/wp\/v2\/product_cat?post=1531"},{"taxonomy":"product_tag","embeddable":true,"href":"https:\/\/demolar.nifweb.com\/eticaret\/demo1\/wp-json\/wp\/v2\/product_tag?post=1531"}],"curies":[{"name":"wp","href":"https:\/\/api.w.org\/{rel}","templated":true}]}}