{"id":1527,"date":"2020-05-04T10:56:10","date_gmt":"2020-05-04T10:56:10","guid":{"rendered":"https:\/\/demolar.nifweb.com\/eticaret\/demo1\/?post_type=product&#038;p=1527"},"modified":"2021-07-09T09:26:34","modified_gmt":"2021-07-09T09:26:34","slug":"modern-sehpa","status":"publish","type":"product","link":"https:\/\/demolar.nifweb.com\/eticaret\/demo1\/product\/modern-sehpa\/","title":{"rendered":"Modern Sehpa"},"content":{"rendered":"<p>modern sehpay\u0131 sat\u0131n alarak evinize farkl\u0131 renkler katabilirsiniz.<\/p>\n","protected":false},"excerpt":{"rendered":"<p>modern beyaz sehpa ah\u015fap bacakl\u0131.<\/p>\n","protected":false},"featured_media":1528,"menu_order":0,"comment_status":"open","ping_status":"closed","template":"","meta":[],"product_cat":[79,77],"product_tag":[262,274],"_links":{"self":[{"href":"https:\/\/demolar.nifweb.com\/eticaret\/demo1\/wp-json\/wp\/v2\/product\/1527"}],"collection":[{"href":"https:\/\/demolar.nifweb.com\/eticaret\/demo1\/wp-json\/wp\/v2\/product"}],"about":[{"href":"https:\/\/demolar.nifweb.com\/eticaret\/demo1\/wp-json\/wp\/v2\/types\/product"}],"replies":[{"embeddable":true,"href":"https:\/\/demolar.nifweb.com\/eticaret\/demo1\/wp-json\/wp\/v2\/comments?post=1527"}],"wp:featuredmedia":[{"embeddable":true,"href":"https:\/\/demolar.nifweb.com\/eticaret\/demo1\/wp-json\/wp\/v2\/media\/1528"}],"wp:attachment":[{"href":"https:\/\/demolar.nifweb.com\/eticaret\/demo1\/wp-json\/wp\/v2\/media?parent=1527"}],"wp:term":[{"taxonomy":"product_cat","embeddable":true,"href":"https:\/\/demolar.nifweb.com\/eticaret\/demo1\/wp-json\/wp\/v2\/product_cat?post=1527"},{"taxonomy":"product_tag","embeddable":true,"href":"https:\/\/demolar.nifweb.com\/eticaret\/demo1\/wp-json\/wp\/v2\/product_tag?post=1527"}],"curies":[{"name":"wp","href":"https:\/\/api.w.org\/{rel}","templated":true}]}}