{"id":1525,"date":"2020-05-04T10:55:01","date_gmt":"2020-05-04T10:55:01","guid":{"rendered":"https:\/\/demolar.nifweb.com\/eticaret\/demo1\/?post_type=product&#038;p=1525"},"modified":"2021-07-09T09:26:47","modified_gmt":"2021-07-09T09:26:47","slug":"yuvarlak-masa-vazosu","status":"publish","type":"product","link":"https:\/\/demolar.nifweb.com\/eticaret\/demo1\/product\/yuvarlak-masa-vazosu\/","title":{"rendered":"Yuvarlak Masa Vazosu"},"content":{"rendered":"<p>yuvarlak masa vazosunu sat\u0131n alarak yemek masan\u0131za farkl\u0131 renkler ekleyebilirsiniz.<\/p>\n","protected":false},"excerpt":{"rendered":"<p>Mavi yuvarlak vazo.<\/p>\n","protected":false},"featured_media":1526,"menu_order":0,"comment_status":"open","ping_status":"closed","template":"","meta":[],"product_cat":[79,77],"product_tag":[275,276],"_links":{"self":[{"href":"https:\/\/demolar.nifweb.com\/eticaret\/demo1\/wp-json\/wp\/v2\/product\/1525"}],"collection":[{"href":"https:\/\/demolar.nifweb.com\/eticaret\/demo1\/wp-json\/wp\/v2\/product"}],"about":[{"href":"https:\/\/demolar.nifweb.com\/eticaret\/demo1\/wp-json\/wp\/v2\/types\/product"}],"replies":[{"embeddable":true,"href":"https:\/\/demolar.nifweb.com\/eticaret\/demo1\/wp-json\/wp\/v2\/comments?post=1525"}],"wp:featuredmedia":[{"embeddable":true,"href":"https:\/\/demolar.nifweb.com\/eticaret\/demo1\/wp-json\/wp\/v2\/media\/1526"}],"wp:attachment":[{"href":"https:\/\/demolar.nifweb.com\/eticaret\/demo1\/wp-json\/wp\/v2\/media?parent=1525"}],"wp:term":[{"taxonomy":"product_cat","embeddable":true,"href":"https:\/\/demolar.nifweb.com\/eticaret\/demo1\/wp-json\/wp\/v2\/product_cat?post=1525"},{"taxonomy":"product_tag","embeddable":true,"href":"https:\/\/demolar.nifweb.com\/eticaret\/demo1\/wp-json\/wp\/v2\/product_tag?post=1525"}],"curies":[{"name":"wp","href":"https:\/\/api.w.org\/{rel}","templated":true}]}}