{"id":1523,"date":"2020-05-04T10:51:23","date_gmt":"2020-05-04T10:51:23","guid":{"rendered":"https:\/\/demolar.nifweb.com\/eticaret\/demo1\/?post_type=product&#038;p=1523"},"modified":"2021-07-09T09:34:36","modified_gmt":"2021-07-09T09:34:36","slug":"termos","status":"publish","type":"product","link":"https:\/\/demolar.nifweb.com\/eticaret\/demo1\/product\/termos\/","title":{"rendered":"Termos"},"content":{"rendered":"<p>bu termosu sat\u0131n alarak s\u0131cak veya so\u011fuk i\u00e7eceklerinizi formunda tutabilirsiniz.<\/p>\n","protected":false},"excerpt":{"rendered":"<p>siyah termos 24 saat s\u0131cak , 12 saat so\u011fuk tutma \u00f6zelli\u011fi ile sizlerle.<\/p>\n","protected":false},"featured_media":1524,"menu_order":0,"comment_status":"open","ping_status":"closed","template":"","meta":[],"product_cat":[22,134,24],"product_tag":[277,278],"_links":{"self":[{"href":"https:\/\/demolar.nifweb.com\/eticaret\/demo1\/wp-json\/wp\/v2\/product\/1523"}],"collection":[{"href":"https:\/\/demolar.nifweb.com\/eticaret\/demo1\/wp-json\/wp\/v2\/product"}],"about":[{"href":"https:\/\/demolar.nifweb.com\/eticaret\/demo1\/wp-json\/wp\/v2\/types\/product"}],"replies":[{"embeddable":true,"href":"https:\/\/demolar.nifweb.com\/eticaret\/demo1\/wp-json\/wp\/v2\/comments?post=1523"}],"wp:featuredmedia":[{"embeddable":true,"href":"https:\/\/demolar.nifweb.com\/eticaret\/demo1\/wp-json\/wp\/v2\/media\/1524"}],"wp:attachment":[{"href":"https:\/\/demolar.nifweb.com\/eticaret\/demo1\/wp-json\/wp\/v2\/media?parent=1523"}],"wp:term":[{"taxonomy":"product_cat","embeddable":true,"href":"https:\/\/demolar.nifweb.com\/eticaret\/demo1\/wp-json\/wp\/v2\/product_cat?post=1523"},{"taxonomy":"product_tag","embeddable":true,"href":"https:\/\/demolar.nifweb.com\/eticaret\/demo1\/wp-json\/wp\/v2\/product_tag?post=1523"}],"curies":[{"name":"wp","href":"https:\/\/api.w.org\/{rel}","templated":true}]}}