{"id":1521,"date":"2020-05-04T10:45:19","date_gmt":"2020-05-04T10:45:19","guid":{"rendered":"https:\/\/demolar.nifweb.com\/eticaret\/demo1\/?post_type=product&#038;p=1521"},"modified":"2021-07-09T10:05:48","modified_gmt":"2021-07-09T10:05:48","slug":"hasir-avize-yuvarlak","status":"publish","type":"product","link":"https:\/\/demolar.nifweb.com\/eticaret\/demo1\/product\/hasir-avize-yuvarlak\/","title":{"rendered":"Has\u0131r Avize Yuvarlak"},"content":{"rendered":"<p>has\u0131r avize ile evinizin her hangi bir k\u00f6\u015fesine farkl\u0131 bir hava katabilirsiniz.<\/p>\n","protected":false},"excerpt":{"rendered":"<p>has\u0131r yuvarlak avize 2 y\u0131l garanti g\u00fcvencesiyle.<\/p>\n","protected":false},"featured_media":1651,"menu_order":0,"comment_status":"open","ping_status":"closed","template":"","meta":[],"product_cat":[79,77],"product_tag":[263,279,280],"_links":{"self":[{"href":"https:\/\/demolar.nifweb.com\/eticaret\/demo1\/wp-json\/wp\/v2\/product\/1521"}],"collection":[{"href":"https:\/\/demolar.nifweb.com\/eticaret\/demo1\/wp-json\/wp\/v2\/product"}],"about":[{"href":"https:\/\/demolar.nifweb.com\/eticaret\/demo1\/wp-json\/wp\/v2\/types\/product"}],"replies":[{"embeddable":true,"href":"https:\/\/demolar.nifweb.com\/eticaret\/demo1\/wp-json\/wp\/v2\/comments?post=1521"}],"wp:featuredmedia":[{"embeddable":true,"href":"https:\/\/demolar.nifweb.com\/eticaret\/demo1\/wp-json\/wp\/v2\/media\/1651"}],"wp:attachment":[{"href":"https:\/\/demolar.nifweb.com\/eticaret\/demo1\/wp-json\/wp\/v2\/media?parent=1521"}],"wp:term":[{"taxonomy":"product_cat","embeddable":true,"href":"https:\/\/demolar.nifweb.com\/eticaret\/demo1\/wp-json\/wp\/v2\/product_cat?post=1521"},{"taxonomy":"product_tag","embeddable":true,"href":"https:\/\/demolar.nifweb.com\/eticaret\/demo1\/wp-json\/wp\/v2\/product_tag?post=1521"}],"curies":[{"name":"wp","href":"https:\/\/api.w.org\/{rel}","templated":true}]}}