{"id":1345,"date":"2019-01-04T07:22:53","date_gmt":"2019-01-04T07:22:53","guid":{"rendered":"https:\/\/demolar.nifweb.com\/eticaret\/demo1\/?post_type=product&#038;p=1345"},"modified":"2021-07-09T08:52:28","modified_gmt":"2021-07-09T08:52:28","slug":"dslr-kamera-lensi","status":"publish","type":"product","link":"https:\/\/demolar.nifweb.com\/eticaret\/demo1\/product\/dslr-kamera-lensi\/","title":{"rendered":"DSLR Kamera Lensi"},"content":{"rendered":"<p>Profesyonel \u00e7ekimler i\u00e7in uygun bir lenstir.<\/p>\n","protected":false},"excerpt":{"rendered":"<p>lens \u00f6zellikleri:<\/p>\n<ul class=\"bullets red\">\n<li>Manzaralar\u0131 ultra geni\u015f g\u00f6r\u00fc\u015f a\u00e7\u0131s\u0131yla ke\u015ffedin<\/li>\n<li>Ultra geni\u015f a\u00e7\u0131l\u0131 do\u011frusal zum lens<\/li>\n<li>Minimum bozulma \u2013 mimari ve i\u00e7 mekan \u00e7ekimleri i\u00e7in ideal<\/li>\n<li>Parlama ve g\u00f6lgelenmeye kar\u015f\u0131 geli\u015fmi\u015f lens kaplama korumas\u0131<\/li>\n<li>Tam zamanl\u0131 manuel kilitleme ile h\u0131zl\u0131 ve neredeyse sessiz AF&#8217;nin tad\u0131n\u0131 \u00e7\u0131kar\u0131n<\/li>\n<li>Zorlu ko\u015fullarda bile \u00e7ekim yapmay\u0131 s\u00fcrd\u00fcr\u00fcn<\/li>\n<\/ul>\n","protected":false},"featured_media":1342,"menu_order":0,"comment_status":"open","ping_status":"closed","template":"","meta":[],"product_cat":[22,18],"product_tag":[322,321,320],"_links":{"self":[{"href":"https:\/\/demolar.nifweb.com\/eticaret\/demo1\/wp-json\/wp\/v2\/product\/1345"}],"collection":[{"href":"https:\/\/demolar.nifweb.com\/eticaret\/demo1\/wp-json\/wp\/v2\/product"}],"about":[{"href":"https:\/\/demolar.nifweb.com\/eticaret\/demo1\/wp-json\/wp\/v2\/types\/product"}],"replies":[{"embeddable":true,"href":"https:\/\/demolar.nifweb.com\/eticaret\/demo1\/wp-json\/wp\/v2\/comments?post=1345"}],"wp:featuredmedia":[{"embeddable":true,"href":"https:\/\/demolar.nifweb.com\/eticaret\/demo1\/wp-json\/wp\/v2\/media\/1342"}],"wp:attachment":[{"href":"https:\/\/demolar.nifweb.com\/eticaret\/demo1\/wp-json\/wp\/v2\/media?parent=1345"}],"wp:term":[{"taxonomy":"product_cat","embeddable":true,"href":"https:\/\/demolar.nifweb.com\/eticaret\/demo1\/wp-json\/wp\/v2\/product_cat?post=1345"},{"taxonomy":"product_tag","embeddable":true,"href":"https:\/\/demolar.nifweb.com\/eticaret\/demo1\/wp-json\/wp\/v2\/product_tag?post=1345"}],"curies":[{"name":"wp","href":"https:\/\/api.w.org\/{rel}","templated":true}]}}