{"id":1339,"date":"2019-01-05T07:15:42","date_gmt":"2019-01-05T07:15:42","guid":{"rendered":"https:\/\/demolar.nifweb.com\/eticaret\/demo1\/?post_type=product&#038;p=1339"},"modified":"2021-07-09T13:41:41","modified_gmt":"2021-07-09T13:41:41","slug":"bluetooth-hoparlor-2","status":"publish","type":"product","link":"https:\/\/demolar.nifweb.com\/eticaret\/demo1\/product\/bluetooth-hoparlor-2\/","title":{"rendered":"Bluetooth Hoparl\u00f6r"},"content":{"rendered":"<p>500 gram a\u011f\u0131rl\u0131\u011f\u0131 sayesinde ve boyutu sayesinde istedi\u011finiz her yerde sizinle.<\/p>\n","protected":false},"excerpt":{"rendered":"<p>20 hz<\/p>\n<p>bluetooth<\/p>\n<p>500 gram a\u011f\u0131rl\u0131k<\/p>\n<p>30 w rms de\u011feri.<\/p>\n","protected":false},"featured_media":1340,"menu_order":0,"comment_status":"open","ping_status":"closed","template":"","meta":[],"product_cat":[22,18],"product_tag":[313,45,318,319],"_links":{"self":[{"href":"https:\/\/demolar.nifweb.com\/eticaret\/demo1\/wp-json\/wp\/v2\/product\/1339"}],"collection":[{"href":"https:\/\/demolar.nifweb.com\/eticaret\/demo1\/wp-json\/wp\/v2\/product"}],"about":[{"href":"https:\/\/demolar.nifweb.com\/eticaret\/demo1\/wp-json\/wp\/v2\/types\/product"}],"replies":[{"embeddable":true,"href":"https:\/\/demolar.nifweb.com\/eticaret\/demo1\/wp-json\/wp\/v2\/comments?post=1339"}],"wp:featuredmedia":[{"embeddable":true,"href":"https:\/\/demolar.nifweb.com\/eticaret\/demo1\/wp-json\/wp\/v2\/media\/1340"}],"wp:attachment":[{"href":"https:\/\/demolar.nifweb.com\/eticaret\/demo1\/wp-json\/wp\/v2\/media?parent=1339"}],"wp:term":[{"taxonomy":"product_cat","embeddable":true,"href":"https:\/\/demolar.nifweb.com\/eticaret\/demo1\/wp-json\/wp\/v2\/product_cat?post=1339"},{"taxonomy":"product_tag","embeddable":true,"href":"https:\/\/demolar.nifweb.com\/eticaret\/demo1\/wp-json\/wp\/v2\/product_tag?post=1339"}],"curies":[{"name":"wp","href":"https:\/\/api.w.org\/{rel}","templated":true}]}}