{"id":1327,"date":"2019-01-09T07:48:29","date_gmt":"2019-01-09T07:48:29","guid":{"rendered":"https:\/\/demolar.nifweb.com\/eticaret\/demo1\/?post_type=product&#038;p=1327"},"modified":"2021-07-09T13:41:17","modified_gmt":"2021-07-09T13:41:17","slug":"tekli-yumusak-koltuk","status":"publish","type":"product","link":"https:\/\/demolar.nifweb.com\/eticaret\/demo1\/product\/tekli-yumusak-koltuk\/","title":{"rendered":"Tekli Yumu\u015fak Koltuk"},"content":{"rendered":"<p>krem rengi bu koltu\u011fu sat\u0131n alarak evinize farkl\u0131 bir hava katabilirsiniz.<\/p>\n","protected":false},"excerpt":{"rendered":"<p>Ah\u015fap bacakl\u0131 soft minderlere sahip olan bu koltu\u011fun 3 y\u0131l garantisi vard\u0131r.<\/p>\n<p>Sa\u011flaml\u0131k testleri yap\u0131lm\u0131\u015ft\u0131r.<\/p>\n","protected":false},"featured_media":1332,"menu_order":0,"comment_status":"open","ping_status":"closed","template":"","meta":[],"product_cat":[28,79,77],"product_tag":[228,226,225],"_links":{"self":[{"href":"https:\/\/demolar.nifweb.com\/eticaret\/demo1\/wp-json\/wp\/v2\/product\/1327"}],"collection":[{"href":"https:\/\/demolar.nifweb.com\/eticaret\/demo1\/wp-json\/wp\/v2\/product"}],"about":[{"href":"https:\/\/demolar.nifweb.com\/eticaret\/demo1\/wp-json\/wp\/v2\/types\/product"}],"replies":[{"embeddable":true,"href":"https:\/\/demolar.nifweb.com\/eticaret\/demo1\/wp-json\/wp\/v2\/comments?post=1327"}],"wp:featuredmedia":[{"embeddable":true,"href":"https:\/\/demolar.nifweb.com\/eticaret\/demo1\/wp-json\/wp\/v2\/media\/1332"}],"wp:attachment":[{"href":"https:\/\/demolar.nifweb.com\/eticaret\/demo1\/wp-json\/wp\/v2\/media?parent=1327"}],"wp:term":[{"taxonomy":"product_cat","embeddable":true,"href":"https:\/\/demolar.nifweb.com\/eticaret\/demo1\/wp-json\/wp\/v2\/product_cat?post=1327"},{"taxonomy":"product_tag","embeddable":true,"href":"https:\/\/demolar.nifweb.com\/eticaret\/demo1\/wp-json\/wp\/v2\/product_tag?post=1327"}],"curies":[{"name":"wp","href":"https:\/\/api.w.org\/{rel}","templated":true}]}}