{"id":1266,"date":"2019-01-11T11:57:21","date_gmt":"2019-01-11T11:57:21","guid":{"rendered":"https:\/\/demolar.nifweb.com\/eticaret\/demo1\/?post_type=product&#038;p=1266"},"modified":"2021-07-09T13:40:39","modified_gmt":"2021-07-09T13:40:39","slug":"baharlik-ince-ceket-bayan","status":"publish","type":"product","link":"https:\/\/demolar.nifweb.com\/eticaret\/demo1\/product\/baharlik-ince-ceket-bayan\/","title":{"rendered":"Baharl\u0131k \u0130nce Ceket Bayan"},"content":{"rendered":"<p>farkl\u0131 renkleri olan bu cekete g\u00f6z atabilirsiniz.<\/p>\n","protected":false},"excerpt":{"rendered":"<p>baharl\u0131k ince ceket \u00f6zellikleri:<\/p>\n<p>%100 polyester<\/p>\n<p>s\u0131cak tutar<\/p>\n<p>baharda giymek i\u00e7in uygundur.<\/p>\n","protected":false},"featured_media":1273,"menu_order":0,"comment_status":"open","ping_status":"closed","template":"","meta":[],"product_cat":[167,17,125],"product_tag":[316,315,147],"_links":{"self":[{"href":"https:\/\/demolar.nifweb.com\/eticaret\/demo1\/wp-json\/wp\/v2\/product\/1266"}],"collection":[{"href":"https:\/\/demolar.nifweb.com\/eticaret\/demo1\/wp-json\/wp\/v2\/product"}],"about":[{"href":"https:\/\/demolar.nifweb.com\/eticaret\/demo1\/wp-json\/wp\/v2\/types\/product"}],"replies":[{"embeddable":true,"href":"https:\/\/demolar.nifweb.com\/eticaret\/demo1\/wp-json\/wp\/v2\/comments?post=1266"}],"wp:featuredmedia":[{"embeddable":true,"href":"https:\/\/demolar.nifweb.com\/eticaret\/demo1\/wp-json\/wp\/v2\/media\/1273"}],"wp:attachment":[{"href":"https:\/\/demolar.nifweb.com\/eticaret\/demo1\/wp-json\/wp\/v2\/media?parent=1266"}],"wp:term":[{"taxonomy":"product_cat","embeddable":true,"href":"https:\/\/demolar.nifweb.com\/eticaret\/demo1\/wp-json\/wp\/v2\/product_cat?post=1266"},{"taxonomy":"product_tag","embeddable":true,"href":"https:\/\/demolar.nifweb.com\/eticaret\/demo1\/wp-json\/wp\/v2\/product_tag?post=1266"}],"curies":[{"name":"wp","href":"https:\/\/api.w.org\/{rel}","templated":true}]}}